{"id":1021,"date":"2021-03-07T15:00:01","date_gmt":"2021-03-07T15:00:01","guid":{"rendered":"https:\/\/akademie-der-weisheit.de\/?page_id=1021"},"modified":"2024-12-25T11:29:31","modified_gmt":"2024-12-25T11:29:31","slug":"flow_of_wisdom-prinzip","status":"publish","type":"page","link":"https:\/\/akademie-der-weisheit.de\/en\/flow_of_wisdom-prinzip\/","title":{"rendered":"Flow of Wisdom - Principle"},"content":{"rendered":"<div data-elementor-type=\"wp-page\" data-elementor-id=\"1021\" class=\"elementor elementor-1021\" data-elementor-post-type=\"page\">\n\t\t\t\t\t\t<section class=\"elementor-section elementor-top-section elementor-element elementor-element-fbc53b7 elementor-section-boxed elementor-section-height-default elementor-section-height-default\" data-id=\"fbc53b7\" data-element_type=\"section\" data-e-type=\"section\">\n\t\t\t\t\t\t<div class=\"elementor-container elementor-column-gap-wider\">\n\t\t\t\t\t<div class=\"elementor-column elementor-col-100 elementor-top-column elementor-element elementor-element-5af8a66a\" data-id=\"5af8a66a\" data-element_type=\"column\" data-e-type=\"column\">\n\t\t\t<div class=\"elementor-widget-wrap elementor-element-populated\">\n\t\t\t\t\t\t<div class=\"elementor-element elementor-element-76e1fd2d de_scroll_animation_no elementor-widget elementor-widget-spacer\" data-id=\"76e1fd2d\" data-element_type=\"widget\" data-e-type=\"widget\" data-widget_type=\"spacer.default\">\n\t\t\t\t<div class=\"elementor-widget-container\">\n\t\t\t\t\t\t\t<div class=\"elementor-spacer\">\n\t\t\t<div class=\"elementor-spacer-inner\"><\/div>\n\t\t<\/div>\n\t\t\t\t\t\t<\/div>\n\t\t\t\t<\/div>\n\t\t\t\t<div class=\"elementor-element elementor-element-3899fefb de_scroll_animation_no elementor-widget elementor-widget-heading\" data-id=\"3899fefb\" data-element_type=\"widget\" data-e-type=\"widget\" data-widget_type=\"heading.default\">\n\t\t\t\t<div class=\"elementor-widget-container\">\n\t\t\t\t\t<h1 class=\"elementor-heading-title elementor-size-default\"><span style=\"text-align: center\">FLOW OF WISDOM - Principle<\/span><\/h1>\t\t\t\t<\/div>\n\t\t\t\t<\/div>\n\t\t\t\t<div class=\"elementor-element elementor-element-cb8fcd1 de_scroll_animation_no elementor-widget elementor-widget-heading\" data-id=\"cb8fcd1\" data-element_type=\"widget\" data-e-type=\"widget\" data-widget_type=\"heading.default\">\n\t\t\t\t<div class=\"elementor-widget-container\">\n\t\t\t\t\t<h2 class=\"elementor-heading-title elementor-size-default\">Spiritual knowledge is the essence of knowledge. Worldly knowledge is never satisfactory, no matter how much we know about the cosmos, molecules, cells or atomic physics, it is never enough. Humans will probably never know enough. The more you know, the more you realise that you know nothing. Spiritual knowledge is different!<\/h2>\t\t\t\t<\/div>\n\t\t\t\t<\/div>\n\t\t\t\t<div class=\"elementor-element elementor-element-70983fac de_scroll_animation_no elementor-widget elementor-widget-heading\" data-id=\"70983fac\" data-element_type=\"widget\" data-e-type=\"widget\" data-widget_type=\"heading.default\">\n\t\t\t\t<div class=\"elementor-widget-container\">\n\t\t\t\t\t<h2 class=\"elementor-heading-title elementor-size-default\">The FLOW OF WISDOM principle is the basis of all the work of the ACADEMY OF WISDOM.<\/h2>\t\t\t\t<\/div>\n\t\t\t\t<\/div>\n\t\t\t\t<div class=\"elementor-element elementor-element-7e4f3857 de_scroll_animation_no elementor-widget elementor-widget-spacer\" data-id=\"7e4f3857\" data-element_type=\"widget\" data-e-type=\"widget\" data-widget_type=\"spacer.default\">\n\t\t\t\t<div class=\"elementor-widget-container\">\n\t\t\t\t\t\t\t<div class=\"elementor-spacer\">\n\t\t\t<div class=\"elementor-spacer-inner\"><\/div>\n\t\t<\/div>\n\t\t\t\t\t\t<\/div>\n\t\t\t\t<\/div>\n\t\t\t\t<div class=\"elementor-element elementor-element-68aa22c5 elementor--h-position-center elementor--v-position-middle de_scroll_animation_no elementor-widget elementor-widget-slides\" data-id=\"68aa22c5\" data-element_type=\"widget\" data-e-type=\"widget\" data-settings=\"{&quot;navigation&quot;:&quot;none&quot;,&quot;autoplay_speed&quot;:10000,&quot;transition_speed&quot;:900,&quot;autoplay&quot;:&quot;yes&quot;,&quot;pause_on_hover&quot;:&quot;yes&quot;,&quot;pause_on_interaction&quot;:&quot;yes&quot;,&quot;infinite&quot;:&quot;yes&quot;,&quot;transition&quot;:&quot;slide&quot;}\" data-widget_type=\"slides.default\">\n\t\t\t\t<div class=\"elementor-widget-container\">\n\t\t\t\t\t\t\t\t\t<div class=\"elementor-swiper\">\n\t\t\t\t\t<div class=\"elementor-slides-wrapper elementor-main-swiper swiper\" role=\"region\" aria-roledescription=\"carousel\" aria-label=\"Slider\" dir=\"ltr\" data-animation=\"fadeInUp\">\n\t\t\t\t<div class=\"swiper-wrapper elementor-slides\">\n\t\t\t\t\t\t\t\t\t\t<div class=\"elementor-repeater-item-9983a68 swiper-slide\" role=\"group\" aria-roledescription=\"slide\"><div class=\"swiper-slide-bg elementor-ken-burns elementor-ken-burns--in\" role=\"img\" aria-label=\"Schulen_1\"><\/div><div class=\"elementor-background-overlay\"><\/div><div class=\"swiper-slide-inner\" ><div class=\"swiper-slide-contents\"><div class=\"elementor-slide-description\">There are no mistakes, only experiences.<\/div><\/div><\/div><\/div><div class=\"elementor-repeater-item-427b570 swiper-slide\" role=\"group\" aria-roledescription=\"slide\"><div class=\"swiper-slide-bg elementor-ken-burns elementor-ken-burns--in\" role=\"img\" aria-label=\"Schulen_2\"><\/div><div class=\"elementor-background-overlay\"><\/div><div class=\"swiper-slide-inner\" ><div class=\"swiper-slide-contents\"><div class=\"elementor-slide-description\">Facing challenges with a calm heart and distance is a question of focus, patience and a helping hand.<\/div><\/div><\/div><\/div><div class=\"elementor-repeater-item-ae22c38 swiper-slide\" role=\"group\" aria-roledescription=\"slide\"><div class=\"swiper-slide-bg elementor-ken-burns elementor-ken-burns--in\" role=\"img\" aria-label=\"Schulen_3\"><\/div><div class=\"elementor-background-overlay\"><\/div><div class=\"swiper-slide-inner\" ><div class=\"swiper-slide-contents\"><div class=\"elementor-slide-description\">Transformation happens again and again, so that you can start all over again at any moment.<\/div><\/div><\/div><\/div>\t\t\t\t<\/div>\n\t\t\t\t\t\t\t\t\t\t\t\t\t\t\t\t\t\t\t\t\t<\/div>\n\t\t\t\t<\/div>\n\t\t\t\t\t\t\t\t<\/div>\n\t\t\t\t<\/div>\n\t\t\t\t\t<\/div>\n\t\t<\/div>\n\t\t\t\t\t<\/div>\n\t\t<\/section>\n\t\t\t\t<section class=\"elementor-section elementor-top-section elementor-element elementor-element-12772417 elementor-section-boxed elementor-section-height-default elementor-section-height-default\" data-id=\"12772417\" data-element_type=\"section\" data-e-type=\"section\">\n\t\t\t\t\t\t<div class=\"elementor-container elementor-column-gap-wider\">\n\t\t\t\t\t<div class=\"elementor-column elementor-col-100 elementor-top-column elementor-element elementor-element-55415c26\" data-id=\"55415c26\" data-element_type=\"column\" data-e-type=\"column\">\n\t\t\t<div class=\"elementor-widget-wrap elementor-element-populated\">\n\t\t\t\t\t\t<div class=\"elementor-element elementor-element-bc4676d de_scroll_animation_no elementor-widget elementor-widget-heading\" data-id=\"bc4676d\" data-element_type=\"widget\" data-e-type=\"widget\" data-widget_type=\"heading.default\">\n\t\t\t\t<div class=\"elementor-widget-container\">\n\t\t\t\t\t<h3 class=\"elementor-heading-title elementor-size-default\"><h5 style=\"text-align: justify;white-space: normal\"><span><span style=\"font-weight: bolder\">FLOW OF WISDOM principle - ACADEMY OF WISDOM<\/span><\/span><\/h5><\/h3>\t\t\t\t<\/div>\n\t\t\t\t<\/div>\n\t\t\t\t<div class=\"elementor-element elementor-element-07bec87 de_scroll_animation_no elementor-widget elementor-widget-heading\" data-id=\"07bec87\" data-element_type=\"widget\" data-e-type=\"widget\" data-widget_type=\"heading.default\">\n\t\t\t\t<div class=\"elementor-widget-container\">\n\t\t\t\t\t<h3 class=\"elementor-heading-title elementor-size-default\">FLOW OF WISDOM - PRINCIPLE - 7 steps<\/h3>\t\t\t\t<\/div>\n\t\t\t\t<\/div>\n\t\t\t\t<div class=\"elementor-element elementor-element-608f71e8 elementor-widget-divider--view-line de_scroll_animation_no elementor-widget elementor-widget-divider\" data-id=\"608f71e8\" data-element_type=\"widget\" data-e-type=\"widget\" data-widget_type=\"divider.default\">\n\t\t\t\t<div class=\"elementor-widget-container\">\n\t\t\t\t\t\t\t<div class=\"elementor-divider\">\n\t\t\t<span class=\"elementor-divider-separator\">\n\t\t\t\t\t\t<\/span>\n\t\t<\/div>\n\t\t\t\t\t\t<\/div>\n\t\t\t\t<\/div>\n\t\t\t\t<div class=\"elementor-element elementor-element-3e15161 de_scroll_animation_no elementor-widget elementor-widget-text-editor\" data-id=\"3e15161\" data-element_type=\"widget\" data-e-type=\"widget\" data-widget_type=\"text-editor.default\">\n\t\t\t\t<div class=\"elementor-widget-container\">\n\t\t\t\t\t\t\t\t\t<p><span style=\"color: #000000;\"><strong style=\"font-family: Actor, sans-serif; font-size: var( --e-global-typography-primary-font-size );\">MINDFULNESS - CONNECTION - AWARENESS - ACTION - ALLOWING - RESPONSIBILITY - TRANSFORMATION<\/strong><\/span><\/p><h5><span style=\"color: #000000;\"><strong style=\"font-family: Actor, sans-serif; font-size: var( --e-global-typography-primary-font-size );\">1 step - ATTENTION (self-reflection - the soul speaks)<\/strong><\/span><\/h5><p><span style=\"color: #000000;\">Reflection on yourself and others: self-leadership, qualities, values and personality structure<\/span><br \/><span style=\"color: #000000;\">How do I perceive things as an uninvolved observer?  What does my heart say?\u00a0<span style=\"font-size: var( --e-global-typography-primary-font-size );\">What does\u00a0<\/span><span style=\"font-size: var( --e-global-typography-primary-font-size );\">my soul?\u00a0<\/span><\/span><\/p><h5><span style=\"font-weight: bolder; color: #000000; font-family: Actor, sans-serif; font-size: var( --e-global-typography-primary-font-size );\">Step 2 - CONNECTION (realisation &amp; transformation)<\/span><\/h5><p><span style=\"color: #000000;\">Your own process of realisation and your own transformation in business, professional and private life<\/span><br \/><span style=\"color: #000000;\">Which inadequate emotions need to be resolved? Which needs have to be satisfied?\u00a0<\/span><\/p><h5><span style=\"font-weight: bolder; color: #000000; font-family: Actor, sans-serif; font-size: var( --e-global-typography-primary-font-size );\">Step 3 - CONSCIOUSNESS (obstacles &amp; overcoming)<\/span><\/h5><p><span style=\"color: #000000;\">Recognising and penetrating obstacles, implementing new insights into your life and everyday life as a whole<\/span><br \/><span style=\"color: #000000;\">Who am I? What is my why? What is my what for? What do I need to fulfil in this situation?<\/span><\/p><h5><span style=\"font-weight: bolder; color: #000000; font-family: Actor, sans-serif; font-size: var( --e-global-typography-primary-font-size );\">Step 4 - ACTION (drive &amp; support)<\/span><\/h5><p><span style=\"color: #000000;\">Improvement of your business, professional or private situation. Recognising and penetrating obstacles, implementing new insights into your life and everyday life as a whole. Clearing up the professional<\/span><span style=\"color: #000000;\">nternal &amp; private relationships, increasing your synchronicity, support\u00a0<\/span><span style=\"color: #000000;\"> Other. W<\/span><span style=\"color: #000000;\"><span style=\"font-size: var( --e-global-typography-primary-font-size );\">ow do I act as a role model &amp; action-orientated? Do I keep my promises? Do I act flexibly &amp; with humour?<\/span><\/span><\/p><h5><span style=\"font-weight: bolder; color: #000000; font-family: Actor, sans-serif; font-size: var( --e-global-typography-primary-font-size );\">Step 5 - ALLOW (growth &amp; renewal)<\/span><\/h5><p><span style=\"color: #000000;\">Your commitment: growth, participation, improvement, renewal<\/span><br \/><span style=\"color: #000000;\">Does my self-confidence work without the desire for feedback? How do I increase and maintain my energy and the energy of those around me?<\/span><\/p><h5><span style=\"font-weight: bolder; color: #000000; font-family: Actor, sans-serif; font-size: var( --e-global-typography-primary-font-size );\">Step 6 - RESPONSIBILITY (Integrity &amp; Vision)<\/span><\/h5><p><span style=\"color: #000000;\">Integrating your vision into the community for a sustainable common good<\/span><br \/><span style=\"color: #000000;\">What level of consciousness do I &amp; those around me have? How does integrity succeed? How are inner values lived?<\/span><\/p><h5><span style=\"color: #000000;\"><span style=\"font-weight: bolder; font-family: Actor, sans-serif; font-size: var( --e-global-typography-primary-font-size );\">Step 7 - TRANSFORMATION\u00a0<\/span><strong style=\"font-family: Actor, sans-serif; font-size: var( --e-global-typography-primary-font-size );\">(Leadership &amp; Success)<\/strong><\/span><\/h5><p><span style=\"color: #000000;\">Transformation, leadership, individual performance, systems, processes<\/span><br \/><span style=\"color: #000000;\">How can I create and maintain a state of all-round happiness and contentment at soul level?<\/span><\/p><p><span style=\"color: #000000;\">Learn how to use my unique 7-step principle FLOW OF WISDOM to access your original life vision that you once set out for as a human being. Discover the inspiration with which you can inspire yourself and those around you. Lead your life (anew) so that everyone feels fully involved in the fulfilment of your vision.<\/span><\/p><p><span style=\"color: #000000;\">Wisdom &amp; sustainability are based on the re-recognition of your original vision of life - as a human being. A vision that takes you from an ordinary person to an extraordinary one. You lend the significance of this principle to yourself!<\/span><\/p><p><span style=\"color: #000000;\">I am happy to be there for you and accompany you on this path to your very individual exceptionality.<\/span><\/p><p><span style=\"font-size: var( --e-global-typography-primary-font-size ); color: #000000;\">Your Kati Vo\u00df<\/span><\/p>\t\t\t\t\t\t\t\t<\/div>\n\t\t\t\t<\/div>\n\t\t\t\t<div class=\"elementor-element elementor-element-20798af7 de_scroll_animation_no elementor-widget elementor-widget-heading\" data-id=\"20798af7\" data-element_type=\"widget\" data-e-type=\"widget\" data-widget_type=\"heading.default\">\n\t\t\t\t<div class=\"elementor-widget-container\">\n\t\t\t\t\t<h2 class=\"elementor-heading-title elementor-size-default\">The round dance of endings &amp; beginnings always falls on one point.<\/h2>\t\t\t\t<\/div>\n\t\t\t\t<\/div>\n\t\t\t\t<div class=\"elementor-element elementor-element-5a9dce2 elementor-align-center de_scroll_animation_no elementor-widget elementor-widget-button\" data-id=\"5a9dce2\" data-element_type=\"widget\" data-e-type=\"widget\" data-settings=\"{&quot;_animation&quot;:&quot;none&quot;}\" data-widget_type=\"button.default\">\n\t\t\t\t<div class=\"elementor-widget-container\">\n\t\t\t\t\t\t\t\t\t<div class=\"elementor-button-wrapper\">\n\t\t\t\t\t<a class=\"elementor-button elementor-button-link elementor-size-lg\" href=\"https:\/\/elopage.com\/s\/akademiederweisheit\/flow-of-whisdom-1-1-coaching\">\n\t\t\t\t\t\t<span class=\"elementor-button-content-wrapper\">\n\t\t\t\t\t\t\t\t\t<span class=\"elementor-button-text\">Inform now<\/span>\n\t\t\t\t\t<\/span>\n\t\t\t\t\t<\/a>\n\t\t\t\t<\/div>\n\t\t\t\t\t\t\t\t<\/div>\n\t\t\t\t<\/div>\n\t\t\t\t<div class=\"elementor-element elementor-element-6d64c3b3 de_scroll_animation_no elementor-widget elementor-widget-spacer\" data-id=\"6d64c3b3\" data-element_type=\"widget\" data-e-type=\"widget\" data-widget_type=\"spacer.default\">\n\t\t\t\t<div class=\"elementor-widget-container\">\n\t\t\t\t\t\t\t<div class=\"elementor-spacer\">\n\t\t\t<div class=\"elementor-spacer-inner\"><\/div>\n\t\t<\/div>\n\t\t\t\t\t\t<\/div>\n\t\t\t\t<\/div>\n\t\t\t\t<div class=\"elementor-element elementor-element-6cfa0e1 elementor-widget__width-initial elementor-align-center de_scroll_animation_no elementor-widget elementor-widget-lottie\" data-id=\"6cfa0e1\" data-element_type=\"widget\" data-e-type=\"widget\" data-settings=\"{&quot;source_json&quot;:{&quot;url&quot;:&quot;https:\\\/\\\/akademie-der-weisheit.de\\\/wp-content\\\/uploads\\\/2021\\\/02\\\/lf30_editor_cvwqzpvk.json&quot;,&quot;id&quot;:283,&quot;size&quot;:&quot;&quot;},&quot;loop&quot;:&quot;yes&quot;,&quot;source&quot;:&quot;media_file&quot;,&quot;caption_source&quot;:&quot;none&quot;,&quot;link_to&quot;:&quot;none&quot;,&quot;trigger&quot;:&quot;arriving_to_viewport&quot;,&quot;viewport&quot;:{&quot;unit&quot;:&quot;%&quot;,&quot;size&quot;:&quot;&quot;,&quot;sizes&quot;:{&quot;start&quot;:0,&quot;end&quot;:100}},&quot;play_speed&quot;:{&quot;unit&quot;:&quot;px&quot;,&quot;size&quot;:1,&quot;sizes&quot;:[]},&quot;start_point&quot;:{&quot;unit&quot;:&quot;%&quot;,&quot;size&quot;:0,&quot;sizes&quot;:[]},&quot;end_point&quot;:{&quot;unit&quot;:&quot;%&quot;,&quot;size&quot;:100,&quot;sizes&quot;:[]},&quot;renderer&quot;:&quot;svg&quot;}\" data-widget_type=\"lottie.default\">\n\t\t\t\t<div class=\"elementor-widget-container\">\n\t\t\t\t\t<div class=\"e-lottie__container\"><div class=\"e-lottie__animation\"><\/div><\/div>\t\t\t\t<\/div>\n\t\t\t\t<\/div>\n\t\t\t\t\t<\/div>\n\t\t<\/div>\n\t\t\t\t\t<\/div>\n\t\t<\/section>\n\t\t\t\t<section class=\"elementor-section elementor-top-section elementor-element elementor-element-b6b3a9b elementor-section-boxed elementor-section-height-default elementor-section-height-default\" data-id=\"b6b3a9b\" data-element_type=\"section\" data-e-type=\"section\">\n\t\t\t\t\t\t<div class=\"elementor-container elementor-column-gap-default\">\n\t\t\t\t\t<div class=\"elementor-column elementor-col-100 elementor-top-column elementor-element elementor-element-9c78dd4\" data-id=\"9c78dd4\" data-element_type=\"column\" data-e-type=\"column\">\n\t\t\t<div class=\"elementor-widget-wrap\">\n\t\t\t\t\t\t\t<\/div>\n\t\t<\/div>\n\t\t\t\t\t<\/div>\n\t\t<\/section>\n\t\t\t\t<\/div>","protected":false},"excerpt":{"rendered":"<p>FLOW OF WISDOM &#8211; Prinzip Spirituelles Wissen ist das Wesen des Wissen. Weltliches Wissen ist nie zufriedenstellend, egal wie viel wir \u00fcber Kosmos, Molek\u00fcle, Zellen oder Atomphysik wissen, es ist nie genug. Vermutlich wird der Mensch nie gen\u00fcgend wissen. Je mehr man wei\u00df, umso mehr wei\u00df man, dass man nichts wei\u00df. Spirituelles Wissen ist anders! [&hellip;]<\/p>\n","protected":false},"author":1,"featured_media":0,"parent":0,"menu_order":0,"comment_status":"closed","ping_status":"closed","template":"","meta":{"footnotes":""},"class_list":["post-1021","page","type-page","status-publish","hentry"],"_links":{"self":[{"href":"https:\/\/akademie-der-weisheit.de\/en\/wp-json\/wp\/v2\/pages\/1021","targetHints":{"allow":["GET"]}}],"collection":[{"href":"https:\/\/akademie-der-weisheit.de\/en\/wp-json\/wp\/v2\/pages"}],"about":[{"href":"https:\/\/akademie-der-weisheit.de\/en\/wp-json\/wp\/v2\/types\/page"}],"author":[{"embeddable":true,"href":"https:\/\/akademie-der-weisheit.de\/en\/wp-json\/wp\/v2\/users\/1"}],"replies":[{"embeddable":true,"href":"https:\/\/akademie-der-weisheit.de\/en\/wp-json\/wp\/v2\/comments?post=1021"}],"version-history":[{"count":0,"href":"https:\/\/akademie-der-weisheit.de\/en\/wp-json\/wp\/v2\/pages\/1021\/revisions"}],"wp:attachment":[{"href":"https:\/\/akademie-der-weisheit.de\/en\/wp-json\/wp\/v2\/media?parent=1021"}],"curies":[{"name":"wp","href":"https:\/\/api.w.org\/{rel}","templated":true}]}}