{"id":10687,"date":"2022-06-30T08:10:35","date_gmt":"2022-06-30T08:10:35","guid":{"rendered":"https:\/\/akademie-der-weisheit.de\/?page_id=10687"},"modified":"2025-07-08T12:32:33","modified_gmt":"2025-07-08T12:32:33","slug":"21-tage-meditation","status":"publish","type":"page","link":"https:\/\/akademie-der-weisheit.de\/en\/21-tage-meditation\/","title":{"rendered":"21-day meditation"},"content":{"rendered":"<div data-elementor-type=\"wp-page\" data-elementor-id=\"10687\" class=\"elementor elementor-10687\" data-elementor-post-type=\"page\">\n\t\t\t\t\t\t<section class=\"elementor-section elementor-top-section elementor-element elementor-element-ea6d98d elementor-section-boxed elementor-section-height-default elementor-section-height-default\" data-id=\"ea6d98d\" data-element_type=\"section\" data-e-type=\"section\">\n\t\t\t\t\t\t<div class=\"elementor-container elementor-column-gap-wider\">\n\t\t\t\t\t<div class=\"elementor-column elementor-col-100 elementor-top-column elementor-element elementor-element-9d55f50\" data-id=\"9d55f50\" data-element_type=\"column\" data-e-type=\"column\">\n\t\t\t<div class=\"elementor-widget-wrap elementor-element-populated\">\n\t\t\t\t\t\t<div class=\"elementor-element elementor-element-d072dd2 de_scroll_animation_no elementor-widget elementor-widget-heading\" data-id=\"d072dd2\" data-element_type=\"widget\" data-e-type=\"widget\" data-settings=\"{&quot;_animation&quot;:&quot;none&quot;,&quot;_animation_delay&quot;:400,&quot;_animation_mobile&quot;:&quot;none&quot;}\" data-widget_type=\"heading.default\">\n\t\t\t\t<div class=\"elementor-widget-container\">\n\t\t\t\t\t<div class=\"elementor-heading-title elementor-size-default\">RETREAT - online 21-day meditation<\/div>\t\t\t\t<\/div>\n\t\t\t\t<\/div>\n\t\t\t\t<div class=\"elementor-element elementor-element-8aacb7f de_scroll_animation_no elementor-widget elementor-widget-heading\" data-id=\"8aacb7f\" data-element_type=\"widget\" data-e-type=\"widget\" data-widget_type=\"heading.default\">\n\t\t\t\t<div class=\"elementor-widget-container\">\n\t\t\t\t\t<h1 class=\"elementor-heading-title elementor-size-default\">FLOW OF WISDOM<br>21 days online meditation  <\/h1>\t\t\t\t<\/div>\n\t\t\t\t<\/div>\n\t\t\t\t<div class=\"elementor-element elementor-element-de9ced9 de_scroll_animation_no elementor-widget elementor-widget-heading\" data-id=\"de9ced9\" data-element_type=\"widget\" data-e-type=\"widget\" data-widget_type=\"heading.default\">\n\t\t\t\t<div class=\"elementor-widget-container\">\n\t\t\t\t\t<h2 class=\"elementor-heading-title elementor-size-default\">\ud83d\udd4a\ufe0f An invitation into the depths of silence<\/h2>\t\t\t\t<\/div>\n\t\t\t\t<\/div>\n\t\t\t\t<div class=\"elementor-element elementor-element-f522b94 de_scroll_animation_no elementor-widget elementor-widget-spacer\" data-id=\"f522b94\" data-element_type=\"widget\" data-e-type=\"widget\" data-widget_type=\"spacer.default\">\n\t\t\t\t<div class=\"elementor-widget-container\">\n\t\t\t\t\t\t\t<div class=\"elementor-spacer\">\n\t\t\t<div class=\"elementor-spacer-inner\"><\/div>\n\t\t<\/div>\n\t\t\t\t\t\t<\/div>\n\t\t\t\t<\/div>\n\t\t\t\t<div class=\"elementor-element elementor-element-694eca6 de_scroll_animation_no elementor-widget elementor-widget-spacer\" data-id=\"694eca6\" data-element_type=\"widget\" data-e-type=\"widget\" data-widget_type=\"spacer.default\">\n\t\t\t\t<div class=\"elementor-widget-container\">\n\t\t\t\t\t\t\t<div class=\"elementor-spacer\">\n\t\t\t<div class=\"elementor-spacer-inner\"><\/div>\n\t\t<\/div>\n\t\t\t\t\t\t<\/div>\n\t\t\t\t<\/div>\n\t\t\t\t<div class=\"elementor-element elementor-element-78c51bb de_scroll_animation_no elementor-widget elementor-widget-image\" data-id=\"78c51bb\" data-element_type=\"widget\" data-e-type=\"widget\" data-widget_type=\"image.default\">\n\t\t\t\t<div class=\"elementor-widget-container\">\n\t\t\t\t\t\t\t\t\t\t\t\t\t\t\t<img fetchpriority=\"high\" decoding=\"async\" width=\"500\" height=\"500\" src=\"https:\/\/akademie-der-weisheit.de\/wp-content\/uploads\/2025\/07\/21-TAge-online-Meditation-FLOW-OF-WISDOM-1.png\" class=\"attachment-large size-large wp-image-26777\" alt=\"\" srcset=\"https:\/\/akademie-der-weisheit.de\/wp-content\/uploads\/2025\/07\/21-TAge-online-Meditation-FLOW-OF-WISDOM-1.png 500w, https:\/\/akademie-der-weisheit.de\/wp-content\/uploads\/2025\/07\/21-TAge-online-Meditation-FLOW-OF-WISDOM-1-300x300.png 300w, https:\/\/akademie-der-weisheit.de\/wp-content\/uploads\/2025\/07\/21-TAge-online-Meditation-FLOW-OF-WISDOM-1-150x150.png 150w, https:\/\/akademie-der-weisheit.de\/wp-content\/uploads\/2025\/07\/21-TAge-online-Meditation-FLOW-OF-WISDOM-1-12x12.png 12w\" sizes=\"(max-width: 500px) 100vw, 500px\" \/>\t\t\t\t\t\t\t\t\t\t\t\t\t\t\t<\/div>\n\t\t\t\t<\/div>\n\t\t\t\t<div class=\"elementor-element elementor-element-c009900 de_scroll_animation_no elementor-widget elementor-widget-spacer\" data-id=\"c009900\" data-element_type=\"widget\" data-e-type=\"widget\" data-widget_type=\"spacer.default\">\n\t\t\t\t<div class=\"elementor-widget-container\">\n\t\t\t\t\t\t\t<div class=\"elementor-spacer\">\n\t\t\t<div class=\"elementor-spacer-inner\"><\/div>\n\t\t<\/div>\n\t\t\t\t\t\t<\/div>\n\t\t\t\t<\/div>\n\t\t\t\t<div class=\"elementor-element elementor-element-91dde1d de_scroll_animation_no elementor-widget elementor-widget-heading\" data-id=\"91dde1d\" data-element_type=\"widget\" data-e-type=\"widget\" data-widget_type=\"heading.default\">\n\t\t\t\t<div class=\"elementor-widget-container\">\n\t\t\t\t\t<h2 class=\"elementor-heading-title elementor-size-default\">Three forces. One space. An invitation to self-knowledge.<\/h2>\t\t\t\t<\/div>\n\t\t\t\t<\/div>\n\t\t\t\t<div class=\"elementor-element elementor-element-496b25c de_scroll_animation_no elementor-widget elementor-widget-heading\" data-id=\"496b25c\" data-element_type=\"widget\" data-e-type=\"widget\" data-widget_type=\"heading.default\">\n\t\t\t\t<div class=\"elementor-widget-container\">\n\t\t\t\t\t<h3 class=\"elementor-heading-title elementor-size-default\">What you can expect<\/h3>\t\t\t\t<\/div>\n\t\t\t\t<\/div>\n\t\t\t\t<div class=\"elementor-element elementor-element-2fc52b4 elementor-widget-divider--view-line de_scroll_animation_no elementor-widget elementor-widget-divider\" data-id=\"2fc52b4\" data-element_type=\"widget\" data-e-type=\"widget\" data-widget_type=\"divider.default\">\n\t\t\t\t<div class=\"elementor-widget-container\">\n\t\t\t\t\t\t\t<div class=\"elementor-divider\">\n\t\t\t<span class=\"elementor-divider-separator\">\n\t\t\t\t\t\t<\/span>\n\t\t<\/div>\n\t\t\t\t\t\t<\/div>\n\t\t\t\t<\/div>\n\t\t\t\t<div class=\"elementor-element elementor-element-8af25dd de_scroll_animation_no elementor-widget elementor-widget-text-editor\" data-id=\"8af25dd\" data-element_type=\"widget\" data-e-type=\"widget\" data-widget_type=\"text-editor.default\">\n\t\t\t\t<div class=\"elementor-widget-container\">\n\t\t\t\t\t\t\t\t\t<p data-start=\"285\" data-end=\"460\">You embark on a daily journey inwards - guided, carried, held.<br data-start=\"366\" data-end=\"369\" \/>Regularity creates space for the essentials:<br data-start=\"425\" data-end=\"428\" \/>Silence. Clarity. Centring.<\/p><p data-start=\"462\" data-end=\"604\">You will learn how simple, daily practice can<br data-start=\"515\" data-end=\"518\" \/>- Release thought patterns<br data-start=\"540\" data-end=\"543\" \/>- transform emotional tensions<br data-start=\"574\" data-end=\"577\" \/>- inner expanse unfolds.<\/p><p data-start=\"606\" data-end=\"745\">You connect with your breath, your body, your inner space -<br data-start=\"678\" data-end=\"681\" \/>without a goal, without effort, in a lovingly opened field.<\/p>\t\t\t\t\t\t\t\t<\/div>\n\t\t\t\t<\/div>\n\t\t\t\t<div class=\"elementor-element elementor-element-e2f7de8 de_scroll_animation_no elementor-widget elementor-widget-spacer\" data-id=\"e2f7de8\" data-element_type=\"widget\" data-e-type=\"widget\" data-widget_type=\"spacer.default\">\n\t\t\t\t<div class=\"elementor-widget-container\">\n\t\t\t\t\t\t\t<div class=\"elementor-spacer\">\n\t\t\t<div class=\"elementor-spacer-inner\"><\/div>\n\t\t<\/div>\n\t\t\t\t\t\t<\/div>\n\t\t\t\t<\/div>\n\t\t\t\t<div class=\"elementor-element elementor-element-c8b0cd4 de_scroll_animation_no elementor-widget elementor-widget-heading\" data-id=\"c8b0cd4\" data-element_type=\"widget\" data-e-type=\"widget\" data-widget_type=\"heading.default\">\n\t\t\t\t<div class=\"elementor-widget-container\">\n\t\t\t\t\t<h3 class=\"elementor-heading-title elementor-size-default\">Procedure<\/h3>\t\t\t\t<\/div>\n\t\t\t\t<\/div>\n\t\t\t\t<div class=\"elementor-element elementor-element-3ecee82 elementor-widget-divider--view-line de_scroll_animation_no elementor-widget elementor-widget-divider\" data-id=\"3ecee82\" data-element_type=\"widget\" data-e-type=\"widget\" data-widget_type=\"divider.default\">\n\t\t\t\t<div class=\"elementor-widget-container\">\n\t\t\t\t\t\t\t<div class=\"elementor-divider\">\n\t\t\t<span class=\"elementor-divider-separator\">\n\t\t\t\t\t\t<\/span>\n\t\t<\/div>\n\t\t\t\t\t\t<\/div>\n\t\t\t\t<\/div>\n\t\t\t\t<div class=\"elementor-element elementor-element-291b41b de_scroll_animation_no elementor-widget elementor-widget-text-editor\" data-id=\"291b41b\" data-element_type=\"widget\" data-e-type=\"widget\" data-widget_type=\"text-editor.default\">\n\t\t\t\t<div class=\"elementor-widget-container\">\n\t\t\t\t\t\t\t\t\t<p data-start=\"765\" data-end=\"979\">- 21 days - 30 to 45 minutes a day<br data-start=\"802\" data-end=\"805\" \/>- Online via Zoom or as an audio link<br data-start=\"843\" data-end=\"846\" \/>- Impulse - silent meditation - short reflection - mindful conclusion<br data-start=\"914\" data-end=\"917\" \/>- Optional: In-depth texts and space for personal questions<\/p>\t\t\t\t\t\t\t\t<\/div>\n\t\t\t\t<\/div>\n\t\t\t\t<div class=\"elementor-element elementor-element-5663268 de_scroll_animation_no elementor-widget elementor-widget-spacer\" data-id=\"5663268\" data-element_type=\"widget\" data-e-type=\"widget\" data-widget_type=\"spacer.default\">\n\t\t\t\t<div class=\"elementor-widget-container\">\n\t\t\t\t\t\t\t<div class=\"elementor-spacer\">\n\t\t\t<div class=\"elementor-spacer-inner\"><\/div>\n\t\t<\/div>\n\t\t\t\t\t\t<\/div>\n\t\t\t\t<\/div>\n\t\t\t\t<div class=\"elementor-element elementor-element-5637825 de_scroll_animation_no elementor-widget elementor-widget-heading\" data-id=\"5637825\" data-element_type=\"widget\" data-e-type=\"widget\" data-widget_type=\"heading.default\">\n\t\t\t\t<div class=\"elementor-widget-container\">\n\t\t\t\t\t<h3 class=\"elementor-heading-title elementor-size-default\">Contents<\/h3>\t\t\t\t<\/div>\n\t\t\t\t<\/div>\n\t\t\t\t<div class=\"elementor-element elementor-element-8e99311 elementor-widget-divider--view-line de_scroll_animation_no elementor-widget elementor-widget-divider\" data-id=\"8e99311\" data-element_type=\"widget\" data-e-type=\"widget\" data-widget_type=\"divider.default\">\n\t\t\t\t<div class=\"elementor-widget-container\">\n\t\t\t\t\t\t\t<div class=\"elementor-divider\">\n\t\t\t<span class=\"elementor-divider-separator\">\n\t\t\t\t\t\t<\/span>\n\t\t<\/div>\n\t\t\t\t\t\t<\/div>\n\t\t\t\t<\/div>\n\t\t\t\t<div class=\"elementor-element elementor-element-b7a538d de_scroll_animation_no elementor-widget elementor-widget-text-editor\" data-id=\"b7a538d\" data-element_type=\"widget\" data-e-type=\"widget\" data-widget_type=\"text-editor.default\">\n\t\t\t\t<div class=\"elementor-widget-container\">\n\t\t\t\t\t\t\t\t\t<p data-start=\"1000\" data-end=\"1364\">- Develop a regular meditation practice<br data-start=\"1045\" data-end=\"1048\" \/>- Introduction to different forms of silence:<br data-start=\"1095\" data-end=\"1098\" \/>- Breath awareness<br data-start=\"1115\" data-end=\"1118\" \/>- Physical presence<br data-start=\"1134\" data-end=\"1137\" \/>- Heart space perception<br data-start=\"1159\" data-end=\"1162\" \/>- Integration into everyday life - even in the event of tiredness, resistance or restlessness<br data-start=\"1234\" data-end=\"1237\" \/>- Inspiration from yoga, Vedanta, spiritual psychology and modern consciousness research<br data-start=\"1329\" data-end=\"1332\" \/>- Exchange in word and silence<\/p>\t\t\t\t\t\t\t\t<\/div>\n\t\t\t\t<\/div>\n\t\t\t\t<div class=\"elementor-element elementor-element-0a3edc6 de_scroll_animation_no elementor-widget elementor-widget-spacer\" data-id=\"0a3edc6\" data-element_type=\"widget\" data-e-type=\"widget\" data-widget_type=\"spacer.default\">\n\t\t\t\t<div class=\"elementor-widget-container\">\n\t\t\t\t\t\t\t<div class=\"elementor-spacer\">\n\t\t\t<div class=\"elementor-spacer-inner\"><\/div>\n\t\t<\/div>\n\t\t\t\t\t\t<\/div>\n\t\t\t\t<\/div>\n\t\t\t\t<div class=\"elementor-element elementor-element-d19992d de_scroll_animation_no elementor-widget elementor-widget-heading\" data-id=\"d19992d\" data-element_type=\"widget\" data-e-type=\"widget\" data-widget_type=\"heading.default\">\n\t\t\t\t<div class=\"elementor-widget-container\">\n\t\t\t\t\t<h3 class=\"elementor-heading-title elementor-size-default\">Participation<\/h3>\t\t\t\t<\/div>\n\t\t\t\t<\/div>\n\t\t\t\t<div class=\"elementor-element elementor-element-b88a26c elementor-widget-divider--view-line de_scroll_animation_no elementor-widget elementor-widget-divider\" data-id=\"b88a26c\" data-element_type=\"widget\" data-e-type=\"widget\" data-widget_type=\"divider.default\">\n\t\t\t\t<div class=\"elementor-widget-container\">\n\t\t\t\t\t\t\t<div class=\"elementor-divider\">\n\t\t\t<span class=\"elementor-divider-separator\">\n\t\t\t\t\t\t<\/span>\n\t\t<\/div>\n\t\t\t\t\t\t<\/div>\n\t\t\t\t<\/div>\n\t\t\t\t<div class=\"elementor-element elementor-element-f64dc73 de_scroll_animation_no elementor-widget elementor-widget-text-editor\" data-id=\"f64dc73\" data-element_type=\"widget\" data-e-type=\"widget\" data-widget_type=\"text-editor.default\">\n\t\t\t\t<div class=\"elementor-widget-container\">\n\t\t\t\t\t\t\t\t\t<p data-start=\"1387\" data-end=\"1701\"><strong data-start=\"1387\" data-end=\"1406\">Next start:<\/strong> on request or when advertised<br data-start=\"1441\" data-end=\"1444\" \/><strong data-start=\"1444\" data-end=\"1452\">Location:<\/strong> Online - in your own space, on a mat or cushion<br data-start=\"1507\" data-end=\"1510\" \/><strong data-start=\"1510\" data-end=\"1522\">Contribution:<\/strong> - \u20ac plus VAT (payment in instalments possible)<br data-start=\"1559\" data-end=\"1562\" \/><strong data-start=\"1562\" data-end=\"1576\">Resignation:<\/strong> No cancellation conditions - own cancellation insurance is recommended<br data-start=\"1656\" data-end=\"1659\" \/><strong data-start=\"1659\" data-end=\"1671\">Contact:<\/strong><span data-start=\"1659\" data-end=\"1671\"> <a class=\"cursor-pointer\" href=\"mailto:info@akademie-der-weisheit.de\" rel=\"noopener\" data-start=\"1912\" data-end=\"1941\">info@akademie-der-weisheit.de<\/a> or via the contact form\u00a0\u00a0<\/span><\/p>\t\t\t\t\t\t\t\t<\/div>\n\t\t\t\t<\/div>\n\t\t\t\t<div class=\"elementor-element elementor-element-b0e595f de_scroll_animation_no elementor-widget elementor-widget-spacer\" data-id=\"b0e595f\" data-element_type=\"widget\" data-e-type=\"widget\" data-widget_type=\"spacer.default\">\n\t\t\t\t<div class=\"elementor-widget-container\">\n\t\t\t\t\t\t\t<div class=\"elementor-spacer\">\n\t\t\t<div class=\"elementor-spacer-inner\"><\/div>\n\t\t<\/div>\n\t\t\t\t\t\t<\/div>\n\t\t\t\t<\/div>\n\t\t\t\t<div class=\"elementor-element elementor-element-f5cbf96 de_scroll_animation_no elementor-widget elementor-widget-heading\" data-id=\"f5cbf96\" data-element_type=\"widget\" data-e-type=\"widget\" data-widget_type=\"heading.default\">\n\t\t\t\t<div class=\"elementor-widget-container\">\n\t\t\t\t\t<h3 class=\"elementor-heading-title elementor-size-default\">For whom?<\/h3>\t\t\t\t<\/div>\n\t\t\t\t<\/div>\n\t\t\t\t<div class=\"elementor-element elementor-element-129566a elementor-widget-divider--view-line de_scroll_animation_no elementor-widget elementor-widget-divider\" data-id=\"129566a\" data-element_type=\"widget\" data-e-type=\"widget\" data-widget_type=\"divider.default\">\n\t\t\t\t<div class=\"elementor-widget-container\">\n\t\t\t\t\t\t\t<div class=\"elementor-divider\">\n\t\t\t<span class=\"elementor-divider-separator\">\n\t\t\t\t\t\t<\/span>\n\t\t<\/div>\n\t\t\t\t\t\t<\/div>\n\t\t\t\t<\/div>\n\t\t\t\t<div class=\"elementor-element elementor-element-99e4fe7 de_scroll_animation_no elementor-widget elementor-widget-text-editor\" data-id=\"99e4fe7\" data-element_type=\"widget\" data-e-type=\"widget\" data-widget_type=\"text-editor.default\">\n\t\t\t\t<div class=\"elementor-widget-container\">\n\t\t\t\t\t\t\t\t\t<p data-start=\"242\" data-end=\"356\">For beginners, experienced and those looking for peace and quiet<br data-start=\"283\" data-end=\"286\" \/>and for all those who are ready to encounter themselves in depth.<\/p><p data-start=\"358\" data-end=\"485\">FLOW OF WISDOM is an invitation to remember -<br data-start=\"408\" data-end=\"411\" \/>not as a technique, but as a reconnection to your inner home.<\/p><blockquote data-start=\"487\" data-end=\"577\"><p data-start=\"489\" data-end=\"577\">Silence is not a state.<br data-start=\"513\" data-end=\"516\" \/>It is what remains when you stop distracting yourself.<\/p><\/blockquote>\t\t\t\t\t\t\t\t<\/div>\n\t\t\t\t<\/div>\n\t\t\t\t<div class=\"elementor-element elementor-element-aeaa84c de_scroll_animation_no elementor-widget elementor-widget-heading\" data-id=\"aeaa84c\" data-element_type=\"widget\" data-e-type=\"widget\" data-widget_type=\"heading.default\">\n\t\t\t\t<div class=\"elementor-widget-container\">\n\t\t\t\t\t<h2 class=\"elementor-heading-title elementor-size-default\">In silence, everything that you are not falls away -\nand everything that carries you appears.<\/h2>\t\t\t\t<\/div>\n\t\t\t\t<\/div>\n\t\t\t\t<div class=\"elementor-element elementor-element-cf9147c elementor-align-center de_scroll_animation_no elementor-widget elementor-widget-button\" data-id=\"cf9147c\" data-element_type=\"widget\" data-e-type=\"widget\" data-settings=\"{&quot;_animation&quot;:&quot;none&quot;}\" data-widget_type=\"button.default\">\n\t\t\t\t<div class=\"elementor-widget-container\">\n\t\t\t\t\t\t\t\t\t<div class=\"elementor-button-wrapper\">\n\t\t\t\t\t<a class=\"elementor-button elementor-button-link elementor-size-lg\" href=\"mailto:info@akademie-der-weisheit.de\">\n\t\t\t\t\t\t<span class=\"elementor-button-content-wrapper\">\n\t\t\t\t\t\t\t\t\t<span class=\"elementor-button-text\">Enquire individually now<\/span>\n\t\t\t\t\t<\/span>\n\t\t\t\t\t<\/a>\n\t\t\t\t<\/div>\n\t\t\t\t\t\t\t\t<\/div>\n\t\t\t\t<\/div>\n\t\t\t\t<div class=\"elementor-element elementor-element-cf9f53f de_scroll_animation_no elementor-widget elementor-widget-spacer\" data-id=\"cf9f53f\" data-element_type=\"widget\" data-e-type=\"widget\" data-widget_type=\"spacer.default\">\n\t\t\t\t<div class=\"elementor-widget-container\">\n\t\t\t\t\t\t\t<div class=\"elementor-spacer\">\n\t\t\t<div class=\"elementor-spacer-inner\"><\/div>\n\t\t<\/div>\n\t\t\t\t\t\t<\/div>\n\t\t\t\t<\/div>\n\t\t\t\t<div class=\"elementor-element elementor-element-72e40ee elementor-widget__width-initial elementor-align-center de_scroll_animation_no elementor-widget elementor-widget-lottie\" data-id=\"72e40ee\" data-element_type=\"widget\" data-e-type=\"widget\" data-settings=\"{&quot;source_json&quot;:{&quot;url&quot;:&quot;https:\\\/\\\/akademie-der-weisheit.de\\\/wp-content\\\/uploads\\\/2021\\\/02\\\/lf30_editor_cvwqzpvk.json&quot;,&quot;id&quot;:283,&quot;size&quot;:&quot;&quot;},&quot;loop&quot;:&quot;yes&quot;,&quot;source&quot;:&quot;media_file&quot;,&quot;caption_source&quot;:&quot;none&quot;,&quot;link_to&quot;:&quot;none&quot;,&quot;trigger&quot;:&quot;arriving_to_viewport&quot;,&quot;viewport&quot;:{&quot;unit&quot;:&quot;%&quot;,&quot;size&quot;:&quot;&quot;,&quot;sizes&quot;:{&quot;start&quot;:0,&quot;end&quot;:100}},&quot;play_speed&quot;:{&quot;unit&quot;:&quot;px&quot;,&quot;size&quot;:1,&quot;sizes&quot;:[]},&quot;start_point&quot;:{&quot;unit&quot;:&quot;%&quot;,&quot;size&quot;:0,&quot;sizes&quot;:[]},&quot;end_point&quot;:{&quot;unit&quot;:&quot;%&quot;,&quot;size&quot;:100,&quot;sizes&quot;:[]},&quot;renderer&quot;:&quot;svg&quot;}\" data-widget_type=\"lottie.default\">\n\t\t\t\t<div class=\"elementor-widget-container\">\n\t\t\t\t\t<div class=\"e-lottie__container\"><div class=\"e-lottie__animation\"><\/div><\/div>\t\t\t\t<\/div>\n\t\t\t\t<\/div>\n\t\t\t\t<div class=\"elementor-element elementor-element-8b9691c de_scroll_animation_no elementor-widget elementor-widget-spacer\" data-id=\"8b9691c\" data-element_type=\"widget\" data-e-type=\"widget\" data-widget_type=\"spacer.default\">\n\t\t\t\t<div class=\"elementor-widget-container\">\n\t\t\t\t\t\t\t<div class=\"elementor-spacer\">\n\t\t\t<div class=\"elementor-spacer-inner\"><\/div>\n\t\t<\/div>\n\t\t\t\t\t\t<\/div>\n\t\t\t\t<\/div>\n\t\t\t\t\t<\/div>\n\t\t<\/div>\n\t\t\t\t\t<\/div>\n\t\t<\/section>\n\t\t\t\t<section class=\"elementor-section elementor-top-section elementor-element elementor-element-431e7d2 elementor-section-full_width elementor-section-height-default elementor-section-height-default\" data-id=\"431e7d2\" data-element_type=\"section\" data-e-type=\"section\">\n\t\t\t\t\t\t<div class=\"elementor-container elementor-column-gap-default\">\n\t\t\t\t\t<div class=\"elementor-column elementor-col-100 elementor-top-column elementor-element elementor-element-cdb948e\" data-id=\"cdb948e\" data-element_type=\"column\" data-e-type=\"column\">\n\t\t\t<div class=\"elementor-widget-wrap\">\n\t\t\t\t\t\t\t<\/div>\n\t\t<\/div>\n\t\t\t\t\t<\/div>\n\t\t<\/section>\n\t\t\t\t<section class=\"elementor-section elementor-top-section elementor-element elementor-element-9126186 elementor-section-full_width elementor-section-height-default elementor-section-height-default\" data-id=\"9126186\" data-element_type=\"section\" data-e-type=\"section\">\n\t\t\t\t\t\t<div class=\"elementor-container elementor-column-gap-default\">\n\t\t\t\t\t<div class=\"elementor-column elementor-col-100 elementor-top-column elementor-element elementor-element-2f75cd2\" data-id=\"2f75cd2\" data-element_type=\"column\" data-e-type=\"column\">\n\t\t\t<div class=\"elementor-widget-wrap\">\n\t\t\t\t\t\t\t<\/div>\n\t\t<\/div>\n\t\t\t\t\t<\/div>\n\t\t<\/section>\n\t\t\t\t<\/div>","protected":false},"excerpt":{"rendered":"<p>RETREAT &#8211; online 21-Tage-Meditation FLOW OF WISDOM21 Tage online Meditation \ud83d\udd4a\ufe0f Eine Einladung in die Tiefe der Stille Drei Kr\u00e4fte. Ein Raum. Eine Einladung zur Selbsterkenntnis. Was Dich erwartet Du begibst dich auf eine t\u00e4gliche Reise nach innen \u2013 gef\u00fchrt, getragen, gehalten.In der Regelm\u00e4\u00dfigkeit entsteht Raum f\u00fcr das Wesentliche:Stille. Klarheit. Zentrierung. Du erf\u00e4hrst, wie sich [&hellip;]<\/p>\n","protected":false},"author":1,"featured_media":13861,"parent":0,"menu_order":0,"comment_status":"closed","ping_status":"closed","template":"elementor_header_footer","meta":{"footnotes":""},"class_list":["post-10687","page","type-page","status-publish","has-post-thumbnail","hentry"],"_links":{"self":[{"href":"https:\/\/akademie-der-weisheit.de\/en\/wp-json\/wp\/v2\/pages\/10687","targetHints":{"allow":["GET"]}}],"collection":[{"href":"https:\/\/akademie-der-weisheit.de\/en\/wp-json\/wp\/v2\/pages"}],"about":[{"href":"https:\/\/akademie-der-weisheit.de\/en\/wp-json\/wp\/v2\/types\/page"}],"author":[{"embeddable":true,"href":"https:\/\/akademie-der-weisheit.de\/en\/wp-json\/wp\/v2\/users\/1"}],"replies":[{"embeddable":true,"href":"https:\/\/akademie-der-weisheit.de\/en\/wp-json\/wp\/v2\/comments?post=10687"}],"version-history":[{"count":0,"href":"https:\/\/akademie-der-weisheit.de\/en\/wp-json\/wp\/v2\/pages\/10687\/revisions"}],"wp:featuredmedia":[{"embeddable":true,"href":"https:\/\/akademie-der-weisheit.de\/en\/wp-json\/wp\/v2\/media\/13861"}],"wp:attachment":[{"href":"https:\/\/akademie-der-weisheit.de\/en\/wp-json\/wp\/v2\/media?parent=10687"}],"curies":[{"name":"wp","href":"https:\/\/api.w.org\/{rel}","templated":true}]}}