{"id":10729,"date":"2022-06-30T08:34:27","date_gmt":"2022-06-30T08:34:27","guid":{"rendered":"https:\/\/akademie-der-weisheit.de\/?page_id=10729"},"modified":"2025-07-08T12:33:10","modified_gmt":"2025-07-08T12:33:10","slug":"66-tage-meditation","status":"publish","type":"page","link":"https:\/\/akademie-der-weisheit.de\/en\/66-tage-meditation\/","title":{"rendered":"66-day meditation"},"content":{"rendered":"<div data-elementor-type=\"wp-page\" data-elementor-id=\"10729\" class=\"elementor elementor-10729\" data-elementor-post-type=\"page\">\n\t\t\t\t\t\t<section class=\"elementor-section elementor-top-section elementor-element elementor-element-91f00b5 elementor-section-boxed elementor-section-height-default elementor-section-height-default\" data-id=\"91f00b5\" data-element_type=\"section\" data-e-type=\"section\">\n\t\t\t\t\t\t<div class=\"elementor-container elementor-column-gap-wider\">\n\t\t\t\t\t<div class=\"elementor-column elementor-col-100 elementor-top-column elementor-element elementor-element-9a71b78\" data-id=\"9a71b78\" data-element_type=\"column\" data-e-type=\"column\">\n\t\t\t<div class=\"elementor-widget-wrap elementor-element-populated\">\n\t\t\t\t\t\t<div class=\"elementor-element elementor-element-ee3dfbc de_scroll_animation_no elementor-widget elementor-widget-heading\" data-id=\"ee3dfbc\" data-element_type=\"widget\" data-e-type=\"widget\" data-settings=\"{&quot;_animation&quot;:&quot;none&quot;,&quot;_animation_delay&quot;:400,&quot;_animation_mobile&quot;:&quot;none&quot;}\" data-widget_type=\"heading.default\">\n\t\t\t\t<div class=\"elementor-widget-container\">\n\t\t\t\t\t<div class=\"elementor-heading-title elementor-size-default\">RETREAT - online 66-day meditation<\/div>\t\t\t\t<\/div>\n\t\t\t\t<\/div>\n\t\t\t\t<div class=\"elementor-element elementor-element-2253b6a de_scroll_animation_no elementor-widget elementor-widget-heading\" data-id=\"2253b6a\" data-element_type=\"widget\" data-e-type=\"widget\" data-widget_type=\"heading.default\">\n\t\t\t\t<div class=\"elementor-widget-container\">\n\t\t\t\t\t<h1 class=\"elementor-heading-title elementor-size-default\">FLOW OF INNER SILENCE<br>66 days of online meditation  <\/h1>\t\t\t\t<\/div>\n\t\t\t\t<\/div>\n\t\t\t\t<div class=\"elementor-element elementor-element-13ea49b de_scroll_animation_no elementor-widget elementor-widget-heading\" data-id=\"13ea49b\" data-element_type=\"widget\" data-e-type=\"widget\" data-widget_type=\"heading.default\">\n\t\t\t\t<div class=\"elementor-widget-container\">\n\t\t\t\t\t<h2 class=\"elementor-heading-title elementor-size-default\">\ud83d\udd4a\ufe0f A journey into your depths - daily, silent, healing.<\/h2>\t\t\t\t<\/div>\n\t\t\t\t<\/div>\n\t\t\t\t<div class=\"elementor-element elementor-element-26fdbe2 de_scroll_animation_no elementor-widget elementor-widget-spacer\" data-id=\"26fdbe2\" data-element_type=\"widget\" data-e-type=\"widget\" data-widget_type=\"spacer.default\">\n\t\t\t\t<div class=\"elementor-widget-container\">\n\t\t\t\t\t\t\t<div class=\"elementor-spacer\">\n\t\t\t<div class=\"elementor-spacer-inner\"><\/div>\n\t\t<\/div>\n\t\t\t\t\t\t<\/div>\n\t\t\t\t<\/div>\n\t\t\t\t<div class=\"elementor-element elementor-element-34bbab6 de_scroll_animation_no elementor-widget elementor-widget-spacer\" data-id=\"34bbab6\" data-element_type=\"widget\" data-e-type=\"widget\" data-widget_type=\"spacer.default\">\n\t\t\t\t<div class=\"elementor-widget-container\">\n\t\t\t\t\t\t\t<div class=\"elementor-spacer\">\n\t\t\t<div class=\"elementor-spacer-inner\"><\/div>\n\t\t<\/div>\n\t\t\t\t\t\t<\/div>\n\t\t\t\t<\/div>\n\t\t\t\t<div class=\"elementor-element elementor-element-6a84ec8 de_scroll_animation_no elementor-widget elementor-widget-image\" data-id=\"6a84ec8\" data-element_type=\"widget\" data-e-type=\"widget\" data-widget_type=\"image.default\">\n\t\t\t\t<div class=\"elementor-widget-container\">\n\t\t\t\t\t\t\t\t\t\t\t\t\t\t\t<img fetchpriority=\"high\" decoding=\"async\" width=\"500\" height=\"500\" src=\"https:\/\/akademie-der-weisheit.de\/wp-content\/uploads\/2025\/07\/66-Tage-Mediation-FLOW-OF-INNER-SILENCE-1.png\" class=\"attachment-large size-large wp-image-27952\" alt=\"\" srcset=\"https:\/\/akademie-der-weisheit.de\/wp-content\/uploads\/2025\/07\/66-Tage-Mediation-FLOW-OF-INNER-SILENCE-1.png 500w, https:\/\/akademie-der-weisheit.de\/wp-content\/uploads\/2025\/07\/66-Tage-Mediation-FLOW-OF-INNER-SILENCE-1-300x300.png 300w, https:\/\/akademie-der-weisheit.de\/wp-content\/uploads\/2025\/07\/66-Tage-Mediation-FLOW-OF-INNER-SILENCE-1-150x150.png 150w, https:\/\/akademie-der-weisheit.de\/wp-content\/uploads\/2025\/07\/66-Tage-Mediation-FLOW-OF-INNER-SILENCE-1-12x12.png 12w\" sizes=\"(max-width: 500px) 100vw, 500px\" \/>\t\t\t\t\t\t\t\t\t\t\t\t\t\t\t<\/div>\n\t\t\t\t<\/div>\n\t\t\t\t<div class=\"elementor-element elementor-element-6e91b2c de_scroll_animation_no elementor-widget elementor-widget-spacer\" data-id=\"6e91b2c\" data-element_type=\"widget\" data-e-type=\"widget\" data-widget_type=\"spacer.default\">\n\t\t\t\t<div class=\"elementor-widget-container\">\n\t\t\t\t\t\t\t<div class=\"elementor-spacer\">\n\t\t\t<div class=\"elementor-spacer-inner\"><\/div>\n\t\t<\/div>\n\t\t\t\t\t\t<\/div>\n\t\t\t\t<\/div>\n\t\t\t\t<div class=\"elementor-element elementor-element-42eaba2 de_scroll_animation_no elementor-widget elementor-widget-heading\" data-id=\"42eaba2\" data-element_type=\"widget\" data-e-type=\"widget\" data-widget_type=\"heading.default\">\n\t\t\t\t<div class=\"elementor-widget-container\">\n\t\t\t\t\t<h2 class=\"elementor-heading-title elementor-size-default\">Three forces. One space. An invitation to self-knowledge.<\/h2>\t\t\t\t<\/div>\n\t\t\t\t<\/div>\n\t\t\t\t<div class=\"elementor-element elementor-element-b871520 de_scroll_animation_no elementor-widget elementor-widget-heading\" data-id=\"b871520\" data-element_type=\"widget\" data-e-type=\"widget\" data-widget_type=\"heading.default\">\n\t\t\t\t<div class=\"elementor-widget-container\">\n\t\t\t\t\t<h3 class=\"elementor-heading-title elementor-size-default\">What you can expect<\/h3>\t\t\t\t<\/div>\n\t\t\t\t<\/div>\n\t\t\t\t<div class=\"elementor-element elementor-element-8d567d9 elementor-widget-divider--view-line de_scroll_animation_no elementor-widget elementor-widget-divider\" data-id=\"8d567d9\" data-element_type=\"widget\" data-e-type=\"widget\" data-widget_type=\"divider.default\">\n\t\t\t\t<div class=\"elementor-widget-container\">\n\t\t\t\t\t\t\t<div class=\"elementor-divider\">\n\t\t\t<span class=\"elementor-divider-separator\">\n\t\t\t\t\t\t<\/span>\n\t\t<\/div>\n\t\t\t\t\t\t<\/div>\n\t\t\t\t<\/div>\n\t\t\t\t<div class=\"elementor-element elementor-element-fe9e8b9 de_scroll_animation_no elementor-widget elementor-widget-text-editor\" data-id=\"fe9e8b9\" data-element_type=\"widget\" data-e-type=\"widget\" data-widget_type=\"text-editor.default\">\n\t\t\t\t<div class=\"elementor-widget-container\">\n\t\t\t\t\t\t\t\t\t<p data-start=\"254\" data-end=\"412\">Over 66 days you will develop a sustainable, rooted meditation practice.<br data-start=\"327\" data-end=\"330\" \/>In silence, patterns begin to dissolve, spaces open up, inner things become clear.<\/p><p data-start=\"414\" data-end=\"519\">You learn to stay with restlessness, emptiness or inner resistance<br data-start=\"479\" data-end=\"482\" \/>not in battle, but in contact.<\/p><p data-start=\"521\" data-end=\"627\">You are supported by a gentle, clear structure,<br data-start=\"574\" data-end=\"577\" \/>that gives you support -<br data-start=\"596\" data-end=\"599\" \/>and sets you free at the same time.<\/p>\t\t\t\t\t\t\t\t<\/div>\n\t\t\t\t<\/div>\n\t\t\t\t<div class=\"elementor-element elementor-element-b293df8 de_scroll_animation_no elementor-widget elementor-widget-spacer\" data-id=\"b293df8\" data-element_type=\"widget\" data-e-type=\"widget\" data-widget_type=\"spacer.default\">\n\t\t\t\t<div class=\"elementor-widget-container\">\n\t\t\t\t\t\t\t<div class=\"elementor-spacer\">\n\t\t\t<div class=\"elementor-spacer-inner\"><\/div>\n\t\t<\/div>\n\t\t\t\t\t\t<\/div>\n\t\t\t\t<\/div>\n\t\t\t\t<div class=\"elementor-element elementor-element-25b368d de_scroll_animation_no elementor-widget elementor-widget-heading\" data-id=\"25b368d\" data-element_type=\"widget\" data-e-type=\"widget\" data-widget_type=\"heading.default\">\n\t\t\t\t<div class=\"elementor-widget-container\">\n\t\t\t\t\t<h3 class=\"elementor-heading-title elementor-size-default\">Procedure<\/h3>\t\t\t\t<\/div>\n\t\t\t\t<\/div>\n\t\t\t\t<div class=\"elementor-element elementor-element-3a31695 elementor-widget-divider--view-line de_scroll_animation_no elementor-widget elementor-widget-divider\" data-id=\"3a31695\" data-element_type=\"widget\" data-e-type=\"widget\" data-widget_type=\"divider.default\">\n\t\t\t\t<div class=\"elementor-widget-container\">\n\t\t\t\t\t\t\t<div class=\"elementor-divider\">\n\t\t\t<span class=\"elementor-divider-separator\">\n\t\t\t\t\t\t<\/span>\n\t\t<\/div>\n\t\t\t\t\t\t<\/div>\n\t\t\t\t<\/div>\n\t\t\t\t<div class=\"elementor-element elementor-element-cce97da de_scroll_animation_no elementor-widget elementor-widget-text-editor\" data-id=\"cce97da\" data-element_type=\"widget\" data-e-type=\"widget\" data-widget_type=\"text-editor.default\">\n\t\t\t\t<div class=\"elementor-widget-container\">\n\t\t\t\t\t\t\t\t\t<p data-start=\"765\" data-end=\"979\">- 66 days - 30 to 60 minutes a day<br data-start=\"684\" data-end=\"687\" \/>- Online via Zoom or as a pulse stream<br data-start=\"728\" data-end=\"731\" \/>- Daily structure: Impulse - silent meditation - integration - accompanying questions<br data-start=\"807\" data-end=\"810\" \/>- Weekly topics for in-depth study<br data-start=\"846\" data-end=\"849\" \/>- Optional space for exchange<\/p>\t\t\t\t\t\t\t\t<\/div>\n\t\t\t\t<\/div>\n\t\t\t\t<div class=\"elementor-element elementor-element-bb3dce9 de_scroll_animation_no elementor-widget elementor-widget-spacer\" data-id=\"bb3dce9\" data-element_type=\"widget\" data-e-type=\"widget\" data-widget_type=\"spacer.default\">\n\t\t\t\t<div class=\"elementor-widget-container\">\n\t\t\t\t\t\t\t<div class=\"elementor-spacer\">\n\t\t\t<div class=\"elementor-spacer-inner\"><\/div>\n\t\t<\/div>\n\t\t\t\t\t\t<\/div>\n\t\t\t\t<\/div>\n\t\t\t\t<div class=\"elementor-element elementor-element-bc6edd9 de_scroll_animation_no elementor-widget elementor-widget-heading\" data-id=\"bc6edd9\" data-element_type=\"widget\" data-e-type=\"widget\" data-widget_type=\"heading.default\">\n\t\t\t\t<div class=\"elementor-widget-container\">\n\t\t\t\t\t<h3 class=\"elementor-heading-title elementor-size-default\">Contents<\/h3>\t\t\t\t<\/div>\n\t\t\t\t<\/div>\n\t\t\t\t<div class=\"elementor-element elementor-element-f5d99de elementor-widget-divider--view-line de_scroll_animation_no elementor-widget elementor-widget-divider\" data-id=\"f5d99de\" data-element_type=\"widget\" data-e-type=\"widget\" data-widget_type=\"divider.default\">\n\t\t\t\t<div class=\"elementor-widget-container\">\n\t\t\t\t\t\t\t<div class=\"elementor-divider\">\n\t\t\t<span class=\"elementor-divider-separator\">\n\t\t\t\t\t\t<\/span>\n\t\t<\/div>\n\t\t\t\t\t\t<\/div>\n\t\t\t\t<\/div>\n\t\t\t\t<div class=\"elementor-element elementor-element-49eaea0 de_scroll_animation_no elementor-widget elementor-widget-text-editor\" data-id=\"49eaea0\" data-element_type=\"widget\" data-e-type=\"widget\" data-widget_type=\"text-editor.default\">\n\t\t\t\t<div class=\"elementor-widget-container\">\n\t\t\t\t\t\t\t\t\t<p data-start=\"1000\" data-end=\"1364\">- Building a sustainable practice - beyond method<br data-start=\"960\" data-end=\"963\" \/>- Presence, acceptance and inner expansiveness as an experience<br data-start=\"1012\" data-end=\"1015\" \/>- Dealing with obstacles such as emptiness, doubt or excessive demands<br data-start=\"1078\" data-end=\"1081\" \/>- Breath, body awareness, mindfulness, stillness<br data-start=\"1127\" data-end=\"1130\" \/>- Impulses from Advaita, yoga, spiritual psychology, inner process work<\/p>\t\t\t\t\t\t\t\t<\/div>\n\t\t\t\t<\/div>\n\t\t\t\t<div class=\"elementor-element elementor-element-de820cc de_scroll_animation_no elementor-widget elementor-widget-spacer\" data-id=\"de820cc\" data-element_type=\"widget\" data-e-type=\"widget\" data-widget_type=\"spacer.default\">\n\t\t\t\t<div class=\"elementor-widget-container\">\n\t\t\t\t\t\t\t<div class=\"elementor-spacer\">\n\t\t\t<div class=\"elementor-spacer-inner\"><\/div>\n\t\t<\/div>\n\t\t\t\t\t\t<\/div>\n\t\t\t\t<\/div>\n\t\t\t\t<div class=\"elementor-element elementor-element-e25996e de_scroll_animation_no elementor-widget elementor-widget-heading\" data-id=\"e25996e\" data-element_type=\"widget\" data-e-type=\"widget\" data-widget_type=\"heading.default\">\n\t\t\t\t<div class=\"elementor-widget-container\">\n\t\t\t\t\t<h3 class=\"elementor-heading-title elementor-size-default\">Participation<\/h3>\t\t\t\t<\/div>\n\t\t\t\t<\/div>\n\t\t\t\t<div class=\"elementor-element elementor-element-666cb6b elementor-widget-divider--view-line de_scroll_animation_no elementor-widget elementor-widget-divider\" data-id=\"666cb6b\" data-element_type=\"widget\" data-e-type=\"widget\" data-widget_type=\"divider.default\">\n\t\t\t\t<div class=\"elementor-widget-container\">\n\t\t\t\t\t\t\t<div class=\"elementor-divider\">\n\t\t\t<span class=\"elementor-divider-separator\">\n\t\t\t\t\t\t<\/span>\n\t\t<\/div>\n\t\t\t\t\t\t<\/div>\n\t\t\t\t<\/div>\n\t\t\t\t<div class=\"elementor-element elementor-element-f4092ae de_scroll_animation_no elementor-widget elementor-widget-text-editor\" data-id=\"f4092ae\" data-element_type=\"widget\" data-e-type=\"widget\" data-widget_type=\"text-editor.default\">\n\t\t\t\t<div class=\"elementor-widget-container\">\n\t\t\t\t\t\t\t\t\t<p data-start=\"1231\" data-end=\"1560\"><strong data-start=\"1231\" data-end=\"1241\">Start:<\/strong> on request or upon publication<br data-start=\"1279\" data-end=\"1282\" \/><strong data-start=\"1282\" data-end=\"1290\">Location:<\/strong> online - all you need is a quiet place and a willingness for continuity<br data-start=\"1366\" data-end=\"1369\" \/><strong data-start=\"1369\" data-end=\"1381\">Contribution:<\/strong> - \u20ac plus VAT (payment in instalments possible)<br data-start=\"1418\" data-end=\"1421\" \/><strong data-start=\"1421\" data-end=\"1435\">Resignation:<\/strong> No cancellation conditions - own cancellation insurance is recommended<br data-start=\"1515\" data-end=\"1518\" \/><strong data-start=\"1518\" data-end=\"1530\">Contact:<span data-start=\"1659\" data-end=\"1671\"><a class=\"cursor-pointer\" href=\"mailto:info@akademie-der-weisheit.de\" rel=\"noopener\" data-start=\"1912\" data-end=\"1941\">info@akademie-der-weisheit.de <\/a><\/span><\/strong>or via the contact form<\/p>\t\t\t\t\t\t\t\t<\/div>\n\t\t\t\t<\/div>\n\t\t\t\t<div class=\"elementor-element elementor-element-f76d5cc de_scroll_animation_no elementor-widget elementor-widget-spacer\" data-id=\"f76d5cc\" data-element_type=\"widget\" data-e-type=\"widget\" data-widget_type=\"spacer.default\">\n\t\t\t\t<div class=\"elementor-widget-container\">\n\t\t\t\t\t\t\t<div class=\"elementor-spacer\">\n\t\t\t<div class=\"elementor-spacer-inner\"><\/div>\n\t\t<\/div>\n\t\t\t\t\t\t<\/div>\n\t\t\t\t<\/div>\n\t\t\t\t<div class=\"elementor-element elementor-element-3a79f47 de_scroll_animation_no elementor-widget elementor-widget-heading\" data-id=\"3a79f47\" data-element_type=\"widget\" data-e-type=\"widget\" data-widget_type=\"heading.default\">\n\t\t\t\t<div class=\"elementor-widget-container\">\n\t\t\t\t\t<h3 class=\"elementor-heading-title elementor-size-default\">For whom?<\/h3>\t\t\t\t<\/div>\n\t\t\t\t<\/div>\n\t\t\t\t<div class=\"elementor-element elementor-element-b4cb5d9 elementor-widget-divider--view-line de_scroll_animation_no elementor-widget elementor-widget-divider\" data-id=\"b4cb5d9\" data-element_type=\"widget\" data-e-type=\"widget\" data-widget_type=\"divider.default\">\n\t\t\t\t<div class=\"elementor-widget-container\">\n\t\t\t\t\t\t\t<div class=\"elementor-divider\">\n\t\t\t<span class=\"elementor-divider-separator\">\n\t\t\t\t\t\t<\/span>\n\t\t<\/div>\n\t\t\t\t\t\t<\/div>\n\t\t\t\t<\/div>\n\t\t\t\t<div class=\"elementor-element elementor-element-667e77b de_scroll_animation_no elementor-widget elementor-widget-text-editor\" data-id=\"667e77b\" data-element_type=\"widget\" data-e-type=\"widget\" data-widget_type=\"text-editor.default\">\n\t\t\t\t<div class=\"elementor-widget-container\">\n\t\t\t\t\t\t\t\t\t<p data-start=\"1582\" data-end=\"1753\">For all those who want to encounter silence -<br data-start=\"1625\" data-end=\"1628\" \/>beyond the threshold of habit.<br data-start=\"1668\" data-end=\"1671\" \/>For people who are ready to get involved anew every day<br data-start=\"1732\" data-end=\"1735\" \/>on itself.<\/p><blockquote data-start=\"1755\" data-end=\"1875\"><p data-start=\"1757\" data-end=\"1875\">FLOW OF INNER SILENCE is not a programme.<br data-start=\"1797\" data-end=\"1800\" \/>It is a journey - layer by layer, breath by breath, day by day.<\/p><\/blockquote><p data-start=\"1929\" data-end=\"2082\"><strong data-start=\"1929\" data-end=\"1954\">FLOW OF INNER SILENCE<\/strong> invites you to encounter this silence every day -<br data-start=\"2005\" data-end=\"2008\" \/>not as a technique, but as a reconnection to your inner home.<\/p>\t\t\t\t\t\t\t\t<\/div>\n\t\t\t\t<\/div>\n\t\t\t\t<div class=\"elementor-element elementor-element-b09f06b de_scroll_animation_no elementor-widget elementor-widget-heading\" data-id=\"b09f06b\" data-element_type=\"widget\" data-e-type=\"widget\" data-widget_type=\"heading.default\">\n\t\t\t\t<div class=\"elementor-widget-container\">\n\t\t\t\t\t<h2 class=\"elementor-heading-title elementor-size-default\">\"It's not the intensity that transforms you -\nbut the loving repetition.\"\n\n<\/h2>\t\t\t\t<\/div>\n\t\t\t\t<\/div>\n\t\t\t\t<div class=\"elementor-element elementor-element-1c1353f elementor-align-center de_scroll_animation_no elementor-widget elementor-widget-button\" data-id=\"1c1353f\" data-element_type=\"widget\" data-e-type=\"widget\" data-settings=\"{&quot;_animation&quot;:&quot;none&quot;}\" data-widget_type=\"button.default\">\n\t\t\t\t<div class=\"elementor-widget-container\">\n\t\t\t\t\t\t\t\t\t<div class=\"elementor-button-wrapper\">\n\t\t\t\t\t<a class=\"elementor-button elementor-button-link elementor-size-lg\" href=\"mailto:info@akademie-der-weisheit.de\">\n\t\t\t\t\t\t<span class=\"elementor-button-content-wrapper\">\n\t\t\t\t\t\t\t\t\t<span class=\"elementor-button-text\">Write to us now<\/span>\n\t\t\t\t\t<\/span>\n\t\t\t\t\t<\/a>\n\t\t\t\t<\/div>\n\t\t\t\t\t\t\t\t<\/div>\n\t\t\t\t<\/div>\n\t\t\t\t<div class=\"elementor-element elementor-element-9d2270a de_scroll_animation_no elementor-widget elementor-widget-spacer\" data-id=\"9d2270a\" data-element_type=\"widget\" data-e-type=\"widget\" data-widget_type=\"spacer.default\">\n\t\t\t\t<div class=\"elementor-widget-container\">\n\t\t\t\t\t\t\t<div class=\"elementor-spacer\">\n\t\t\t<div class=\"elementor-spacer-inner\"><\/div>\n\t\t<\/div>\n\t\t\t\t\t\t<\/div>\n\t\t\t\t<\/div>\n\t\t\t\t<div class=\"elementor-element elementor-element-8872141 elementor-widget__width-initial elementor-align-center de_scroll_animation_no elementor-widget elementor-widget-lottie\" data-id=\"8872141\" data-element_type=\"widget\" data-e-type=\"widget\" data-settings=\"{&quot;source_json&quot;:{&quot;url&quot;:&quot;https:\\\/\\\/akademie-der-weisheit.de\\\/wp-content\\\/uploads\\\/2021\\\/02\\\/lf30_editor_cvwqzpvk.json&quot;,&quot;id&quot;:283,&quot;size&quot;:&quot;&quot;},&quot;loop&quot;:&quot;yes&quot;,&quot;source&quot;:&quot;media_file&quot;,&quot;caption_source&quot;:&quot;none&quot;,&quot;link_to&quot;:&quot;none&quot;,&quot;trigger&quot;:&quot;arriving_to_viewport&quot;,&quot;viewport&quot;:{&quot;unit&quot;:&quot;%&quot;,&quot;size&quot;:&quot;&quot;,&quot;sizes&quot;:{&quot;start&quot;:0,&quot;end&quot;:100}},&quot;play_speed&quot;:{&quot;unit&quot;:&quot;px&quot;,&quot;size&quot;:1,&quot;sizes&quot;:[]},&quot;start_point&quot;:{&quot;unit&quot;:&quot;%&quot;,&quot;size&quot;:0,&quot;sizes&quot;:[]},&quot;end_point&quot;:{&quot;unit&quot;:&quot;%&quot;,&quot;size&quot;:100,&quot;sizes&quot;:[]},&quot;renderer&quot;:&quot;svg&quot;}\" data-widget_type=\"lottie.default\">\n\t\t\t\t<div class=\"elementor-widget-container\">\n\t\t\t\t\t<div class=\"e-lottie__container\"><div class=\"e-lottie__animation\"><\/div><\/div>\t\t\t\t<\/div>\n\t\t\t\t<\/div>\n\t\t\t\t<div class=\"elementor-element elementor-element-b3931e5 de_scroll_animation_no elementor-widget elementor-widget-spacer\" data-id=\"b3931e5\" data-element_type=\"widget\" data-e-type=\"widget\" data-widget_type=\"spacer.default\">\n\t\t\t\t<div class=\"elementor-widget-container\">\n\t\t\t\t\t\t\t<div class=\"elementor-spacer\">\n\t\t\t<div class=\"elementor-spacer-inner\"><\/div>\n\t\t<\/div>\n\t\t\t\t\t\t<\/div>\n\t\t\t\t<\/div>\n\t\t\t\t\t<\/div>\n\t\t<\/div>\n\t\t\t\t\t<\/div>\n\t\t<\/section>\n\t\t\t\t<\/div>","protected":false},"excerpt":{"rendered":"<p>RETREAT &#8211; online 66-Tage-Meditation FLOW OF INNER SILENCE66 Tage online Meditation \ud83d\udd4a\ufe0f Eine Reise in deine Tiefe \u2013 t\u00e4glich, still, heilsam. Drei Kr\u00e4fte. Ein Raum. Eine Einladung zur Selbsterkenntnis. Was Dich erwartet \u00dcber 66 Tage entwickelst du eine tragende, verwurzelte Meditationspraxis.In der Stille beginnen sich Muster zu l\u00f6sen, R\u00e4ume zu \u00f6ffnen, Inneres zu kl\u00e4ren. Du [&hellip;]<\/p>\n","protected":false},"author":1,"featured_media":0,"parent":0,"menu_order":0,"comment_status":"closed","ping_status":"closed","template":"elementor_header_footer","meta":{"footnotes":""},"class_list":["post-10729","page","type-page","status-publish","hentry"],"_links":{"self":[{"href":"https:\/\/akademie-der-weisheit.de\/en\/wp-json\/wp\/v2\/pages\/10729","targetHints":{"allow":["GET"]}}],"collection":[{"href":"https:\/\/akademie-der-weisheit.de\/en\/wp-json\/wp\/v2\/pages"}],"about":[{"href":"https:\/\/akademie-der-weisheit.de\/en\/wp-json\/wp\/v2\/types\/page"}],"author":[{"embeddable":true,"href":"https:\/\/akademie-der-weisheit.de\/en\/wp-json\/wp\/v2\/users\/1"}],"replies":[{"embeddable":true,"href":"https:\/\/akademie-der-weisheit.de\/en\/wp-json\/wp\/v2\/comments?post=10729"}],"version-history":[{"count":0,"href":"https:\/\/akademie-der-weisheit.de\/en\/wp-json\/wp\/v2\/pages\/10729\/revisions"}],"wp:attachment":[{"href":"https:\/\/akademie-der-weisheit.de\/en\/wp-json\/wp\/v2\/media?parent=10729"}],"curies":[{"name":"wp","href":"https:\/\/api.w.org\/{rel}","templated":true}]}}