{"id":10781,"date":"2022-06-30T08:53:32","date_gmt":"2022-06-30T08:53:32","guid":{"rendered":"https:\/\/akademie-der-weisheit.de\/?page_id=10781"},"modified":"2022-06-30T08:54:08","modified_gmt":"2022-06-30T08:54:08","slug":"hessen-2","status":"publish","type":"page","link":"https:\/\/akademie-der-weisheit.de\/en\/hessen-2\/","title":{"rendered":"hesse-2"},"content":{"rendered":"<div data-elementor-type=\"wp-page\" data-elementor-id=\"10781\" class=\"elementor elementor-10781\" data-elementor-post-type=\"page\">\n\t\t\t\t\t\t<section class=\"elementor-section elementor-top-section elementor-element elementor-element-21a064 elementor-section-boxed elementor-section-height-default elementor-section-height-default\" data-id=\"21a064\" data-element_type=\"section\" data-e-type=\"section\">\n\t\t\t\t\t\t<div class=\"elementor-container elementor-column-gap-wider\">\n\t\t\t\t\t<div class=\"elementor-column elementor-col-100 elementor-top-column elementor-element elementor-element-757fc925\" data-id=\"757fc925\" data-element_type=\"column\" data-e-type=\"column\">\n\t\t\t<div class=\"elementor-widget-wrap elementor-element-populated\">\n\t\t\t\t\t\t<section class=\"elementor-section elementor-inner-section elementor-element elementor-element-6df54d7f elementor-section-content-middle elementor-reverse-mobile elementor-reverse-tablet elementor-section-boxed elementor-section-height-default elementor-section-height-default\" data-id=\"6df54d7f\" data-element_type=\"section\" data-e-type=\"section\" data-settings=\"{&quot;background_background&quot;:&quot;classic&quot;}\">\n\t\t\t\t\t\t<div class=\"elementor-container elementor-column-gap-default\">\n\t\t\t\t\t<div class=\"elementor-column elementor-col-100 elementor-inner-column elementor-element elementor-element-34ccac6a\" data-id=\"34ccac6a\" data-element_type=\"column\" data-e-type=\"column\">\n\t\t\t<div class=\"elementor-widget-wrap elementor-element-populated\">\n\t\t\t\t\t\t<div class=\"elementor-element elementor-element-6862dd11 de_scroll_animation_no elementor-widget elementor-widget-heading\" data-id=\"6862dd11\" data-element_type=\"widget\" data-e-type=\"widget\" data-settings=\"{&quot;_animation&quot;:&quot;none&quot;,&quot;_animation_delay&quot;:400,&quot;_animation_mobile&quot;:&quot;none&quot;}\" data-widget_type=\"heading.default\">\n\t\t\t\t<div class=\"elementor-widget-container\">\n\t\t\t\t\t<div class=\"elementor-heading-title elementor-size-default\">RETREAT - live or online <\/div>\t\t\t\t<\/div>\n\t\t\t\t<\/div>\n\t\t\t\t<div class=\"elementor-element elementor-element-6561784e de_scroll_animation_no elementor-widget elementor-widget-heading\" data-id=\"6561784e\" data-element_type=\"widget\" data-e-type=\"widget\" data-widget_type=\"heading.default\">\n\t\t\t\t<div class=\"elementor-widget-container\">\n\t\t\t\t\t<h2 class=\"elementor-heading-title elementor-size-default\"><span style=\"color: var( --e-global-color-b391972 );background-color: var( --e-global-color-d3ae19d )\">December 2022 <\/span><br><span style=\"color: var( --e-global-color-b391972 );background-color: var( --e-global-color-d3ae19d )\">SILENCE - RETREAT<\/span><\/h2>\t\t\t\t<\/div>\n\t\t\t\t<\/div>\n\t\t\t\t<div class=\"elementor-element elementor-element-3f7278f0 de_scroll_animation_no elementor-widget elementor-widget-image\" data-id=\"3f7278f0\" data-element_type=\"widget\" data-e-type=\"widget\" data-widget_type=\"image.default\">\n\t\t\t\t<div class=\"elementor-widget-container\">\n\t\t\t\t\t\t\t\t\t\t\t\t<figure class=\"wp-caption\">\n\t\t\t\t\t\t\t\t\t\t<img fetchpriority=\"high\" decoding=\"async\" width=\"800\" height=\"567\" src=\"https:\/\/akademie-der-weisheit.de\/wp-content\/uploads\/2022\/03\/Stille-Retreat-Herleshausen-15.12.-17.12.2022-1024x726.jpg\" class=\"attachment-large size-large wp-image-8821\" alt=\"\" srcset=\"https:\/\/akademie-der-weisheit.de\/wp-content\/uploads\/2022\/03\/Stille-Retreat-Herleshausen-15.12.-17.12.2022-1024x726.jpg 1024w, https:\/\/akademie-der-weisheit.de\/wp-content\/uploads\/2022\/03\/Stille-Retreat-Herleshausen-15.12.-17.12.2022-300x213.jpg 300w, https:\/\/akademie-der-weisheit.de\/wp-content\/uploads\/2022\/03\/Stille-Retreat-Herleshausen-15.12.-17.12.2022-768x545.jpg 768w, https:\/\/akademie-der-weisheit.de\/wp-content\/uploads\/2022\/03\/Stille-Retreat-Herleshausen-15.12.-17.12.2022-1536x1090.jpg 1536w, https:\/\/akademie-der-weisheit.de\/wp-content\/uploads\/2022\/03\/Stille-Retreat-Herleshausen-15.12.-17.12.2022.jpg 1748w\" sizes=\"(max-width: 800px) 100vw, 800px\" \/>\t\t\t\t\t\t\t\t\t\t\t<figcaption class=\"widget-image-caption wp-caption-text\"><\/figcaption>\n\t\t\t\t\t\t\t\t\t\t<\/figure>\n\t\t\t\t\t\t\t\t\t<\/div>\n\t\t\t\t<\/div>\n\t\t\t\t<div class=\"elementor-element elementor-element-18f5501c de_scroll_animation_no elementor-widget elementor-widget-text-editor\" data-id=\"18f5501c\" data-element_type=\"widget\" data-e-type=\"widget\" data-widget_type=\"text-editor.default\">\n\t\t\t\t<div class=\"elementor-widget-container\">\n\t\t\t\t\t\t\t\t\t<p>\u00a0<\/p><p><b><u>STILLE RETREAT<\/u><\/b><u><\/u><\/p><p>Live: 15.12.-17.12.2022<br \/>daily 8:30 - 12:00 &amp; 14:00 - 17:00<br \/>Location: Herleshausen \/ Hesse - exclusively outdoors<\/p><p>Stillness, silence, meditation, hiking - in a group - simple &amp; spartan, wild...<\/p><p>Our centre is a greenhouse close to a plot of land with a fireplace for cooking soup.<\/p><p>Tasks for self-reflection guide you through the day, exchange time early, at lunchtime and in the late afternoon.<\/p><p><span style=\"color: rgba(0, 0, 0, 0.99);\">3 days \/ 2 nights incl. 2 hot meals - preparation partly together as an Ayurveda cookery course<\/span><\/p><p>Price: \u20ac 200.00 per person plus VAT (max. 8 people),\u00a0<span style=\"background-color: var( --e-global-color-d3ae19d ); font-weight: var( --e-global-typography-primary-font-weight );\">due upon registration after receipt of invoice.<\/span><\/p><p>Accommodation in the surrounding area must be booked independently.\u00a0<span style=\"font-weight: var( --e-global-typography-primary-font-weight ); background-color: var( --e-global-color-d3ae19d );\">Recommendations can be given.\u00a0<\/span><\/p><p><span style=\"font-weight: bolder;\">Cancellation conditions:<\/span><\/p><p># 50 % Payment of the retreat fee in case of cancellation until 30.11.2022.<\/p><p># 100 % Payment of the retreat fee in case of cancellation from 01.12.2022.<\/p><p><span style=\"font-weight: bolder;\">Cancellation insurance:\u00a0<\/span><span style=\"font-weight: var( --e-global-typography-primary-font-weight ); background-color: var( --e-global-color-d3ae19d );\">I urgently request that you take out cancellation insurance!<\/span><\/p><p>Registration deadline: 31.01.2022<\/p>\t\t\t\t\t\t\t\t<\/div>\n\t\t\t\t<\/div>\n\t\t\t\t<div class=\"elementor-element elementor-element-1648b507 elementor-align-left elementor-mobile-align-center de_scroll_animation_no elementor-widget elementor-widget-button\" data-id=\"1648b507\" data-element_type=\"widget\" data-e-type=\"widget\" data-settings=\"{&quot;_animation&quot;:&quot;none&quot;}\" data-widget_type=\"button.default\">\n\t\t\t\t<div class=\"elementor-widget-container\">\n\t\t\t\t\t\t\t\t\t<div class=\"elementor-button-wrapper\">\n\t\t\t\t\t<a class=\"elementor-button elementor-button-link elementor-size-lg\" href=\"https:\/\/akademie-der-weisheit.de\/en\/jetzt-buchen\/\">\n\t\t\t\t\t\t<span class=\"elementor-button-content-wrapper\">\n\t\t\t\t\t\t\t\t\t<span class=\"elementor-button-text\">Book now<\/span>\n\t\t\t\t\t<\/span>\n\t\t\t\t\t<\/a>\n\t\t\t\t<\/div>\n\t\t\t\t\t\t\t\t<\/div>\n\t\t\t\t<\/div>\n\t\t\t\t\t<\/div>\n\t\t<\/div>\n\t\t\t\t\t<\/div>\n\t\t<\/section>\n\t\t\t\t\t<\/div>\n\t\t<\/div>\n\t\t\t\t\t<\/div>\n\t\t<\/section>\n\t\t\t\t<\/div>","protected":false},"excerpt":{"rendered":"<p>RETREAT &#8211; live oder online Dezember 2022 STILLE &#8211; RETREAT STILLE RETREAT Live: 15.12.-17.12.2022 tgl 8:30 \u2013 12:00 Uhr &amp; 14:00 \u2013 17:00 Uhr Ort: Herleshausen \/ Hessen \u2013 ausschlie\u00dflich drau\u00dfen Stille, Schweigen, Meditieren, Wandern \u2013 in Gruppe \u2013 einfach &amp; spartanisch, wild\u2026 Unser Zentrum bildet ein einem Grundst\u00fcck nahe gelegenes Gew\u00e4chshaus mit M\u00f6glichkeit zum [&hellip;]<\/p>\n","protected":false},"author":1,"featured_media":0,"parent":0,"menu_order":0,"comment_status":"closed","ping_status":"closed","template":"elementor_header_footer","meta":{"footnotes":""},"class_list":["post-10781","page","type-page","status-publish","hentry"],"_links":{"self":[{"href":"https:\/\/akademie-der-weisheit.de\/en\/wp-json\/wp\/v2\/pages\/10781","targetHints":{"allow":["GET"]}}],"collection":[{"href":"https:\/\/akademie-der-weisheit.de\/en\/wp-json\/wp\/v2\/pages"}],"about":[{"href":"https:\/\/akademie-der-weisheit.de\/en\/wp-json\/wp\/v2\/types\/page"}],"author":[{"embeddable":true,"href":"https:\/\/akademie-der-weisheit.de\/en\/wp-json\/wp\/v2\/users\/1"}],"replies":[{"embeddable":true,"href":"https:\/\/akademie-der-weisheit.de\/en\/wp-json\/wp\/v2\/comments?post=10781"}],"version-history":[{"count":0,"href":"https:\/\/akademie-der-weisheit.de\/en\/wp-json\/wp\/v2\/pages\/10781\/revisions"}],"wp:attachment":[{"href":"https:\/\/akademie-der-weisheit.de\/en\/wp-json\/wp\/v2\/media?parent=10781"}],"curies":[{"name":"wp","href":"https:\/\/api.w.org\/{rel}","templated":true}]}}