{"id":18356,"date":"2023-07-10T14:44:24","date_gmt":"2023-07-10T14:44:24","guid":{"rendered":"https:\/\/akademie-der-weisheit.de\/?page_id=18356"},"modified":"2024-02-13T06:02:56","modified_gmt":"2024-02-13T06:02:56","slug":"erstgespraech","status":"publish","type":"page","link":"https:\/\/akademie-der-weisheit.de\/en\/erstgespraech\/","title":{"rendered":"Initial consultation"},"content":{"rendered":"<p>Imagine if fear &amp; anger were tangible, as well as your self-lies, then you could hold on to them, but also let them go, like a dandelion whose umbrellas blow away when you move them a little.<\/p>\n\n\n\n<p>It is similar with all of this, if YOU move a little, everything moves with you. You determine the direction. And unlike the dandelion umbrella, you also determine the 'destination'. (If there is one - to reach - at all.<\/p>\n\n\n\n<p>In this way, shells can fall away and things that have always been there and yet are new can emerge. An observer can gently guide your movement in one direction. Your fear &amp; anger can remain like the style of the dandelion, only they no longer affect you ...<\/p>\n\n\n\n<p>Initial consultation - 2 hours of exposure. Prices for follow-up consultations by arrangement.<\/p>\n\n\n\n<p>Link to the initial consultation: <a href=\"https:\/\/calendly.com\/akademiederweisheit\/kennenlerngesprach\">https:\/\/calendly.com\/akademiederweisheit\/kennenlerngesprach<\/a><\/p>\n\n\n\n<p><\/p>","protected":false},"excerpt":{"rendered":"<p>Stell Dir vor, Angst &amp; Wut w\u00e4ren greifbar, ebenso Deine Selbst-L\u00fcgen, dann k\u00f6nntest Du sie festhalten, aber ebenso loslassen, wie eine Pusteblume, deren Schirmchen verwehen, wenn Du sie ein wenig bewegst. Mit all dem verh\u00e4lt es sich \u00e4hnlich, wenn DU Dich ein bisschen bewegst, bewegt sich alles mit Dir mit. Du bestimmst die Richtung. Und [&hellip;]<\/p>\n","protected":false},"author":1,"featured_media":1410,"parent":0,"menu_order":0,"comment_status":"closed","ping_status":"closed","template":"","meta":{"footnotes":""},"class_list":["post-18356","page","type-page","status-publish","has-post-thumbnail","hentry"],"_links":{"self":[{"href":"https:\/\/akademie-der-weisheit.de\/en\/wp-json\/wp\/v2\/pages\/18356","targetHints":{"allow":["GET"]}}],"collection":[{"href":"https:\/\/akademie-der-weisheit.de\/en\/wp-json\/wp\/v2\/pages"}],"about":[{"href":"https:\/\/akademie-der-weisheit.de\/en\/wp-json\/wp\/v2\/types\/page"}],"author":[{"embeddable":true,"href":"https:\/\/akademie-der-weisheit.de\/en\/wp-json\/wp\/v2\/users\/1"}],"replies":[{"embeddable":true,"href":"https:\/\/akademie-der-weisheit.de\/en\/wp-json\/wp\/v2\/comments?post=18356"}],"version-history":[{"count":0,"href":"https:\/\/akademie-der-weisheit.de\/en\/wp-json\/wp\/v2\/pages\/18356\/revisions"}],"wp:featuredmedia":[{"embeddable":true,"href":"https:\/\/akademie-der-weisheit.de\/en\/wp-json\/wp\/v2\/media\/1410"}],"wp:attachment":[{"href":"https:\/\/akademie-der-weisheit.de\/en\/wp-json\/wp\/v2\/media?parent=18356"}],"curies":[{"name":"wp","href":"https:\/\/api.w.org\/{rel}","templated":true}]}}