{"id":5075,"date":"2022-01-03T15:54:23","date_gmt":"2022-01-03T15:54:23","guid":{"rendered":"https:\/\/akademie-der-weisheit.de\/?page_id=5075"},"modified":"2025-08-01T10:49:36","modified_gmt":"2025-08-01T10:49:36","slug":"retreat","status":"publish","type":"page","link":"https:\/\/akademie-der-weisheit.de\/en\/retreat\/","title":{"rendered":"Retreat"},"content":{"rendered":"<div data-elementor-type=\"wp-page\" data-elementor-id=\"5075\" class=\"elementor elementor-5075\" data-elementor-post-type=\"page\">\n\t\t\t\t\t\t<section class=\"elementor-section elementor-top-section elementor-element elementor-element-40e25ad elementor-section-boxed elementor-section-height-default elementor-section-height-default\" data-id=\"40e25ad\" data-element_type=\"section\" data-e-type=\"section\">\n\t\t\t\t\t\t<div class=\"elementor-container elementor-column-gap-default\">\n\t\t\t\t\t<div class=\"elementor-column elementor-col-100 elementor-top-column elementor-element elementor-element-721cc52\" data-id=\"721cc52\" data-element_type=\"column\" data-e-type=\"column\">\n\t\t\t<div class=\"elementor-widget-wrap elementor-element-populated\">\n\t\t\t\t\t\t<div class=\"elementor-element elementor-element-507ee3b de_scroll_animation_no elementor-widget elementor-widget-spacer\" data-id=\"507ee3b\" data-element_type=\"widget\" data-e-type=\"widget\" data-widget_type=\"spacer.default\">\n\t\t\t\t<div class=\"elementor-widget-container\">\n\t\t\t\t\t\t\t<div class=\"elementor-spacer\">\n\t\t\t<div class=\"elementor-spacer-inner\"><\/div>\n\t\t<\/div>\n\t\t\t\t\t\t<\/div>\n\t\t\t\t<\/div>\n\t\t\t\t<div class=\"elementor-element elementor-element-55cffea de_scroll_animation_no elementor-widget elementor-widget-heading\" data-id=\"55cffea\" data-element_type=\"widget\" data-e-type=\"widget\" data-settings=\"{&quot;_animation&quot;:&quot;none&quot;,&quot;_animation_delay&quot;:400,&quot;_animation_mobile&quot;:&quot;none&quot;}\" data-widget_type=\"heading.default\">\n\t\t\t\t<div class=\"elementor-widget-container\">\n\t\t\t\t\t<div class=\"elementor-heading-title elementor-size-default\">RETREAT - online \/ live<\/div>\t\t\t\t<\/div>\n\t\t\t\t<\/div>\n\t\t\t\t<div class=\"elementor-element elementor-element-c264b38 de_scroll_animation_no elementor-widget elementor-widget-heading\" data-id=\"c264b38\" data-element_type=\"widget\" data-e-type=\"widget\" data-widget_type=\"heading.default\">\n\t\t\t\t<div class=\"elementor-widget-container\">\n\t\t\t\t\t<h1 class=\"elementor-heading-title elementor-size-default\">RETREAT <br> online \/ live <\/h1>\t\t\t\t<\/div>\n\t\t\t\t<\/div>\n\t\t\t\t<div class=\"elementor-element elementor-element-e558052 de_scroll_animation_no elementor-widget elementor-widget-heading\" data-id=\"e558052\" data-element_type=\"widget\" data-e-type=\"widget\" data-widget_type=\"heading.default\">\n\t\t\t\t<div class=\"elementor-widget-container\">\n\t\t\t\t\t<h4 class=\"elementor-heading-title elementor-size-default\">\ud83d\udd4a\ufe0f Spaces for reconnection, transformation and inner silence<\/h4>\t\t\t\t<\/div>\n\t\t\t\t<\/div>\n\t\t\t\t<div class=\"elementor-element elementor-element-1e09c18 de_scroll_animation_no elementor-widget elementor-widget-text-editor\" data-id=\"1e09c18\" data-element_type=\"widget\" data-e-type=\"widget\" data-widget_type=\"text-editor.default\">\n\t\t\t\t<div class=\"elementor-widget-container\">\n\t\t\t\t\t\t\t\t\t<p>Spiritual depth, pedagogical clarity and systemic support are combined here.<br data-start=\"827\" data-end=\"830\" \/>For people, organisations and projects in transition.\u00a0<\/p>\t\t\t\t\t\t\t\t<\/div>\n\t\t\t\t<\/div>\n\t\t\t\t<div class=\"elementor-element elementor-element-620f33c elementor-widget-divider--view-line de_scroll_animation_no elementor-widget elementor-widget-divider\" data-id=\"620f33c\" data-element_type=\"widget\" data-e-type=\"widget\" data-widget_type=\"divider.default\">\n\t\t\t\t<div class=\"elementor-widget-container\">\n\t\t\t\t\t\t\t<div class=\"elementor-divider\">\n\t\t\t<span class=\"elementor-divider-separator\">\n\t\t\t\t\t\t<\/span>\n\t\t<\/div>\n\t\t\t\t\t\t<\/div>\n\t\t\t\t<\/div>\n\t\t\t\t<div class=\"elementor-element elementor-element-c5207a4 de_scroll_animation_no elementor-widget elementor-widget-text-editor\" data-id=\"c5207a4\" data-element_type=\"widget\" data-e-type=\"widget\" data-widget_type=\"text-editor.default\">\n\t\t\t\t<div class=\"elementor-widget-container\">\n\t\t\t\t\t\t\t\t\t<p style=\"text-align: center;\" data-start=\"285\" data-end=\"460\">Daily practice. Deep stillness. Retreat into the essentials.<\/p><p style=\"text-align: center;\" data-start=\"228\" data-end=\"510\">Whether in the gentle structure of everyday life (<em data-start=\"268\" data-end=\"284\">FLOW OF WISDOM<\/em>),<br data-start=\"286\" data-end=\"289\" \/>in intensive long-term support (<em data-start=\"327\" data-end=\"350\">FLOW OF INNER SILENCE<\/em>)<br data-start=\"351\" data-end=\"354\" \/>or in silent retreat on site (<em data-start=\"387\" data-end=\"416\">SILENCE IN A NOISY WORLD<\/em>) -<br data-start=\"419\" data-end=\"422\" \/>Every retreat leads you inwards.<br data-start=\"458\" data-end=\"461\" \/>Into your experience. Into your truth. Into your being.\u00a0<\/p>\t\t\t\t\t\t\t\t<\/div>\n\t\t\t\t<\/div>\n\t\t\t\t<div class=\"elementor-element elementor-element-b96d29f de_scroll_animation_no elementor-widget elementor-widget-spacer\" data-id=\"b96d29f\" data-element_type=\"widget\" data-e-type=\"widget\" data-widget_type=\"spacer.default\">\n\t\t\t\t<div class=\"elementor-widget-container\">\n\t\t\t\t\t\t\t<div class=\"elementor-spacer\">\n\t\t\t<div class=\"elementor-spacer-inner\"><\/div>\n\t\t<\/div>\n\t\t\t\t\t\t<\/div>\n\t\t\t\t<\/div>\n\t\t\t\t<section class=\"elementor-section elementor-inner-section elementor-element elementor-element-823ff8c elementor-section-boxed elementor-section-height-default elementor-section-height-default\" data-id=\"823ff8c\" data-element_type=\"section\" data-e-type=\"section\">\n\t\t\t\t\t\t<div class=\"elementor-container elementor-column-gap-default\">\n\t\t\t\t\t<div class=\"elementor-column elementor-col-33 elementor-inner-column elementor-element elementor-element-ca67887\" data-id=\"ca67887\" data-element_type=\"column\" data-e-type=\"column\" data-settings=\"{&quot;background_background&quot;:&quot;classic&quot;}\">\n\t\t\t<div class=\"elementor-widget-wrap elementor-element-populated\">\n\t\t\t\t\t\t<div class=\"elementor-element elementor-element-4425138 de_scroll_animation_no elementor-widget elementor-widget-heading\" data-id=\"4425138\" data-element_type=\"widget\" data-e-type=\"widget\" data-settings=\"{&quot;_animation&quot;:&quot;none&quot;,&quot;_animation_delay&quot;:400,&quot;_animation_mobile&quot;:&quot;none&quot;}\" data-widget_type=\"heading.default\">\n\t\t\t\t<div class=\"elementor-widget-container\">\n\t\t\t\t\t<div class=\"elementor-heading-title elementor-size-default\">online RETREAT <br>FLOW OF WISDOM<br>21-day meditation <br>(Tender follows)<\/div>\t\t\t\t<\/div>\n\t\t\t\t<\/div>\n\t\t\t\t<div class=\"elementor-element elementor-element-56ec2215 de_scroll_animation_no elementor-widget elementor-widget-image\" data-id=\"56ec2215\" data-element_type=\"widget\" data-e-type=\"widget\" data-widget_type=\"image.default\">\n\t\t\t\t<div class=\"elementor-widget-container\">\n\t\t\t\t\t\t\t\t\t\t\t\t\t\t\t<img fetchpriority=\"high\" decoding=\"async\" width=\"500\" height=\"500\" src=\"https:\/\/akademie-der-weisheit.de\/wp-content\/uploads\/2025\/07\/21-TAge-online-Meditation-FLOW-OF-WISDOM-2.png\" class=\"attachment-full size-full wp-image-26781\" alt=\"\" srcset=\"https:\/\/akademie-der-weisheit.de\/wp-content\/uploads\/2025\/07\/21-TAge-online-Meditation-FLOW-OF-WISDOM-2.png 500w, https:\/\/akademie-der-weisheit.de\/wp-content\/uploads\/2025\/07\/21-TAge-online-Meditation-FLOW-OF-WISDOM-2-300x300.png 300w, https:\/\/akademie-der-weisheit.de\/wp-content\/uploads\/2025\/07\/21-TAge-online-Meditation-FLOW-OF-WISDOM-2-150x150.png 150w, https:\/\/akademie-der-weisheit.de\/wp-content\/uploads\/2025\/07\/21-TAge-online-Meditation-FLOW-OF-WISDOM-2-12x12.png 12w\" sizes=\"(max-width: 500px) 100vw, 500px\" \/>\t\t\t\t\t\t\t\t\t\t\t\t\t\t\t<\/div>\n\t\t\t\t<\/div>\n\t\t\t\t<div class=\"elementor-element elementor-element-796aaf6c elementor-align-center elementor-mobile-align-center de_scroll_animation_no elementor-widget elementor-widget-button\" data-id=\"796aaf6c\" data-element_type=\"widget\" data-e-type=\"widget\" data-settings=\"{&quot;_animation&quot;:&quot;none&quot;}\" data-widget_type=\"button.default\">\n\t\t\t\t<div class=\"elementor-widget-container\">\n\t\t\t\t\t\t\t\t\t<div class=\"elementor-button-wrapper\">\n\t\t\t\t\t<a class=\"elementor-button elementor-button-link elementor-size-sm\" href=\"https:\/\/akademie-der-weisheit.de\/en\/21-tage-meditation\/\">\n\t\t\t\t\t\t<span class=\"elementor-button-content-wrapper\">\n\t\t\t\t\t\t\t\t\t<span class=\"elementor-button-text\">Learn more<\/span>\n\t\t\t\t\t<\/span>\n\t\t\t\t\t<\/a>\n\t\t\t\t<\/div>\n\t\t\t\t\t\t\t\t<\/div>\n\t\t\t\t<\/div>\n\t\t\t\t\t<\/div>\n\t\t<\/div>\n\t\t\t\t<div class=\"elementor-column elementor-col-33 elementor-inner-column elementor-element elementor-element-9bfa8a7\" data-id=\"9bfa8a7\" data-element_type=\"column\" data-e-type=\"column\" data-settings=\"{&quot;background_background&quot;:&quot;classic&quot;}\">\n\t\t\t<div class=\"elementor-widget-wrap elementor-element-populated\">\n\t\t\t\t\t\t<div class=\"elementor-element elementor-element-ce81154 de_scroll_animation_no elementor-widget elementor-widget-heading\" data-id=\"ce81154\" data-element_type=\"widget\" data-e-type=\"widget\" data-settings=\"{&quot;_animation&quot;:&quot;none&quot;,&quot;_animation_delay&quot;:400,&quot;_animation_mobile&quot;:&quot;none&quot;}\" data-widget_type=\"heading.default\">\n\t\t\t\t<div class=\"elementor-widget-container\">\n\t\t\t\t\t<div class=\"elementor-heading-title elementor-size-default\">online RETREAT <br>FLOW OF INNER SILENCE <br><span>66-day meditation <\/span><br>(Tender follows)<\/div>\t\t\t\t<\/div>\n\t\t\t\t<\/div>\n\t\t\t\t<div class=\"elementor-element elementor-element-c658c4e de_scroll_animation_no elementor-widget elementor-widget-image\" data-id=\"c658c4e\" data-element_type=\"widget\" data-e-type=\"widget\" data-widget_type=\"image.default\">\n\t\t\t\t<div class=\"elementor-widget-container\">\n\t\t\t\t\t\t\t\t\t\t\t\t\t\t\t<img decoding=\"async\" width=\"500\" height=\"500\" src=\"https:\/\/akademie-der-weisheit.de\/wp-content\/uploads\/2025\/07\/66-Tage-Mediation-FLOW-OF-INNER-SILENCE-1.png\" class=\"attachment-large size-large wp-image-27952\" alt=\"\" srcset=\"https:\/\/akademie-der-weisheit.de\/wp-content\/uploads\/2025\/07\/66-Tage-Mediation-FLOW-OF-INNER-SILENCE-1.png 500w, https:\/\/akademie-der-weisheit.de\/wp-content\/uploads\/2025\/07\/66-Tage-Mediation-FLOW-OF-INNER-SILENCE-1-300x300.png 300w, https:\/\/akademie-der-weisheit.de\/wp-content\/uploads\/2025\/07\/66-Tage-Mediation-FLOW-OF-INNER-SILENCE-1-150x150.png 150w, https:\/\/akademie-der-weisheit.de\/wp-content\/uploads\/2025\/07\/66-Tage-Mediation-FLOW-OF-INNER-SILENCE-1-12x12.png 12w\" sizes=\"(max-width: 500px) 100vw, 500px\" \/>\t\t\t\t\t\t\t\t\t\t\t\t\t\t\t<\/div>\n\t\t\t\t<\/div>\n\t\t\t\t<div class=\"elementor-element elementor-element-bcdc49c elementor-align-center elementor-mobile-align-center de_scroll_animation_no elementor-widget elementor-widget-button\" data-id=\"bcdc49c\" data-element_type=\"widget\" data-e-type=\"widget\" data-settings=\"{&quot;_animation&quot;:&quot;none&quot;}\" data-widget_type=\"button.default\">\n\t\t\t\t<div class=\"elementor-widget-container\">\n\t\t\t\t\t\t\t\t\t<div class=\"elementor-button-wrapper\">\n\t\t\t\t\t<a class=\"elementor-button elementor-button-link elementor-size-sm\" href=\"https:\/\/akademie-der-weisheit.de\/en\/66-tage-meditation\/\">\n\t\t\t\t\t\t<span class=\"elementor-button-content-wrapper\">\n\t\t\t\t\t\t\t\t\t<span class=\"elementor-button-text\">Learn more<\/span>\n\t\t\t\t\t<\/span>\n\t\t\t\t\t<\/a>\n\t\t\t\t<\/div>\n\t\t\t\t\t\t\t\t<\/div>\n\t\t\t\t<\/div>\n\t\t\t\t\t<\/div>\n\t\t<\/div>\n\t\t\t\t<div class=\"elementor-column elementor-col-33 elementor-inner-column elementor-element elementor-element-258fd7a\" data-id=\"258fd7a\" data-element_type=\"column\" data-e-type=\"column\" data-settings=\"{&quot;background_background&quot;:&quot;classic&quot;}\">\n\t\t\t<div class=\"elementor-widget-wrap elementor-element-populated\">\n\t\t\t\t\t\t<div class=\"elementor-element elementor-element-fbd66f2 de_scroll_animation_no elementor-widget elementor-widget-heading\" data-id=\"fbd66f2\" data-element_type=\"widget\" data-e-type=\"widget\" data-settings=\"{&quot;_animation&quot;:&quot;none&quot;,&quot;_animation_delay&quot;:400,&quot;_animation_mobile&quot;:&quot;none&quot;}\" data-widget_type=\"heading.default\">\n\t\t\t\t<div class=\"elementor-widget-container\">\n\t\t\t\t\t<div class=\"elementor-heading-title elementor-size-default\">live RETREAT <br>SILENCE IN A NOISY WORLD <br>Guidance towards materiality  <br>(on request) <\/div>\t\t\t\t<\/div>\n\t\t\t\t<\/div>\n\t\t\t\t<div class=\"elementor-element elementor-element-157abb0a de_scroll_animation_no elementor-widget elementor-widget-image\" data-id=\"157abb0a\" data-element_type=\"widget\" data-e-type=\"widget\" data-widget_type=\"image.default\">\n\t\t\t\t<div class=\"elementor-widget-container\">\n\t\t\t\t\t\t\t\t\t\t\t\t\t\t\t<img decoding=\"async\" width=\"500\" height=\"500\" src=\"https:\/\/akademie-der-weisheit.de\/wp-content\/uploads\/2025\/07\/STILLE-IN-EINER-LAUTEN-WELT-STILLE-RETREAT-FLOW-OF-INNER-SILENCE-1.png\" class=\"attachment-large size-large wp-image-27921\" alt=\"\" srcset=\"https:\/\/akademie-der-weisheit.de\/wp-content\/uploads\/2025\/07\/STILLE-IN-EINER-LAUTEN-WELT-STILLE-RETREAT-FLOW-OF-INNER-SILENCE-1.png 500w, https:\/\/akademie-der-weisheit.de\/wp-content\/uploads\/2025\/07\/STILLE-IN-EINER-LAUTEN-WELT-STILLE-RETREAT-FLOW-OF-INNER-SILENCE-1-300x300.png 300w, https:\/\/akademie-der-weisheit.de\/wp-content\/uploads\/2025\/07\/STILLE-IN-EINER-LAUTEN-WELT-STILLE-RETREAT-FLOW-OF-INNER-SILENCE-1-150x150.png 150w, https:\/\/akademie-der-weisheit.de\/wp-content\/uploads\/2025\/07\/STILLE-IN-EINER-LAUTEN-WELT-STILLE-RETREAT-FLOW-OF-INNER-SILENCE-1-12x12.png 12w\" sizes=\"(max-width: 500px) 100vw, 500px\" \/>\t\t\t\t\t\t\t\t\t\t\t\t\t\t\t<\/div>\n\t\t\t\t<\/div>\n\t\t\t\t<div class=\"elementor-element elementor-element-d2415cc elementor-align-center elementor-mobile-align-center de_scroll_animation_no elementor-widget elementor-widget-button\" data-id=\"d2415cc\" data-element_type=\"widget\" data-e-type=\"widget\" data-settings=\"{&quot;_animation&quot;:&quot;none&quot;}\" data-widget_type=\"button.default\">\n\t\t\t\t<div class=\"elementor-widget-container\">\n\t\t\t\t\t\t\t\t\t<div class=\"elementor-button-wrapper\">\n\t\t\t\t\t<a class=\"elementor-button elementor-button-link elementor-size-sm\" href=\"https:\/\/akademie-der-weisheit.de\/en\/stille-in-einer-lauten-welt\/\">\n\t\t\t\t\t\t<span class=\"elementor-button-content-wrapper\">\n\t\t\t\t\t\t\t\t\t<span class=\"elementor-button-text\">Learn more<\/span>\n\t\t\t\t\t<\/span>\n\t\t\t\t\t<\/a>\n\t\t\t\t<\/div>\n\t\t\t\t\t\t\t\t<\/div>\n\t\t\t\t<\/div>\n\t\t\t\t\t<\/div>\n\t\t<\/div>\n\t\t\t\t\t<\/div>\n\t\t<\/section>\n\t\t\t\t\t<\/div>\n\t\t<\/div>\n\t\t\t\t\t<\/div>\n\t\t<\/section>\n\t\t\t\t<section class=\"elementor-section elementor-top-section elementor-element elementor-element-a32eafc elementor-section-boxed elementor-section-height-default elementor-section-height-default\" data-id=\"a32eafc\" data-element_type=\"section\" data-e-type=\"section\">\n\t\t\t\t\t\t<div class=\"elementor-container elementor-column-gap-default\">\n\t\t\t\t\t<div class=\"elementor-column elementor-col-100 elementor-top-column elementor-element elementor-element-c2bbbe4\" data-id=\"c2bbbe4\" data-element_type=\"column\" data-e-type=\"column\">\n\t\t\t<div class=\"elementor-widget-wrap elementor-element-populated\">\n\t\t\t\t\t\t<div class=\"elementor-element elementor-element-f573555 de_scroll_animation_no elementor-widget elementor-widget-spacer\" data-id=\"f573555\" data-element_type=\"widget\" data-e-type=\"widget\" data-widget_type=\"spacer.default\">\n\t\t\t\t<div class=\"elementor-widget-container\">\n\t\t\t\t\t\t\t<div class=\"elementor-spacer\">\n\t\t\t<div class=\"elementor-spacer-inner\"><\/div>\n\t\t<\/div>\n\t\t\t\t\t\t<\/div>\n\t\t\t\t<\/div>\n\t\t\t\t\t<\/div>\n\t\t<\/div>\n\t\t\t\t\t<\/div>\n\t\t<\/section>\n\t\t\t\t<\/div>","protected":false},"excerpt":{"rendered":"<p>RETREAT &#8211; online \/ live RETREAT online \/ live \ud83d\udd4a\ufe0f R\u00e4ume f\u00fcr R\u00fcckverbindung, Wandlung und innere Stille Hier verbinden sich spirituelle Tiefe, p\u00e4dagogische Klarheit und systemische Begleitung.F\u00fcr Menschen, Organisationen und Projekte im Wandel.\u00a0 T\u00e4gliche Praxis. Tiefe Stille. R\u00fcckzug ins Wesentliche. Ob in der sanften Struktur des Alltags (FLOW OF WISDOM),in der intensiven Langzeitbegleitung (FLOW OF [&hellip;]<\/p>\n","protected":false},"author":1,"featured_media":0,"parent":0,"menu_order":0,"comment_status":"closed","ping_status":"closed","template":"","meta":{"footnotes":""},"class_list":["post-5075","page","type-page","status-publish","hentry"],"_links":{"self":[{"href":"https:\/\/akademie-der-weisheit.de\/en\/wp-json\/wp\/v2\/pages\/5075","targetHints":{"allow":["GET"]}}],"collection":[{"href":"https:\/\/akademie-der-weisheit.de\/en\/wp-json\/wp\/v2\/pages"}],"about":[{"href":"https:\/\/akademie-der-weisheit.de\/en\/wp-json\/wp\/v2\/types\/page"}],"author":[{"embeddable":true,"href":"https:\/\/akademie-der-weisheit.de\/en\/wp-json\/wp\/v2\/users\/1"}],"replies":[{"embeddable":true,"href":"https:\/\/akademie-der-weisheit.de\/en\/wp-json\/wp\/v2\/comments?post=5075"}],"version-history":[{"count":0,"href":"https:\/\/akademie-der-weisheit.de\/en\/wp-json\/wp\/v2\/pages\/5075\/revisions"}],"wp:attachment":[{"href":"https:\/\/akademie-der-weisheit.de\/en\/wp-json\/wp\/v2\/media?parent=5075"}],"curies":[{"name":"wp","href":"https:\/\/api.w.org\/{rel}","templated":true}]}}