{"id":8695,"date":"2022-02-16T11:50:37","date_gmt":"2022-02-16T11:50:37","guid":{"rendered":"https:\/\/akademie-der-weisheit.de\/?page_id=8695"},"modified":"2023-12-02T17:36:26","modified_gmt":"2023-12-02T17:36:26","slug":"magazin-danke","status":"publish","type":"page","link":"https:\/\/akademie-der-weisheit.de\/en\/magazin-danke\/","title":{"rendered":"magazine-thanks"},"content":{"rendered":"<div data-elementor-type=\"wp-page\" data-elementor-id=\"8695\" class=\"elementor elementor-8695\" data-elementor-post-type=\"page\">\n\t\t\t\t\t\t<section class=\"elementor-section elementor-top-section elementor-element elementor-element-5ea1eacd elementor-section-boxed elementor-section-height-default elementor-section-height-default\" data-id=\"5ea1eacd\" data-element_type=\"section\" data-e-type=\"section\" data-settings=\"{&quot;background_background&quot;:&quot;classic&quot;}\">\n\t\t\t\t\t\t\t<div class=\"elementor-background-overlay\"><\/div>\n\t\t\t\t\t\t\t<div class=\"elementor-container elementor-column-gap-default\">\n\t\t\t\t\t<div class=\"elementor-column elementor-col-50 elementor-top-column elementor-element elementor-element-541792f1\" data-id=\"541792f1\" data-element_type=\"column\" data-e-type=\"column\">\n\t\t\t<div class=\"elementor-widget-wrap elementor-element-populated\">\n\t\t\t\t\t\t<div class=\"elementor-element elementor-element-cd8e7f8 de_scroll_animation_no elementor-widget elementor-widget-image\" data-id=\"cd8e7f8\" data-element_type=\"widget\" data-e-type=\"widget\" data-widget_type=\"image.default\">\n\t\t\t\t<div class=\"elementor-widget-container\">\n\t\t\t\t\t\t\t\t\t\t\t\t\t\t\t<img fetchpriority=\"high\" decoding=\"async\" width=\"800\" height=\"829\" src=\"https:\/\/akademie-der-weisheit.de\/wp-content\/uploads\/2021\/01\/Akademie-Background-988x1024.png\" class=\"attachment-large size-large wp-image-72\" alt=\"\" srcset=\"https:\/\/akademie-der-weisheit.de\/wp-content\/uploads\/2021\/01\/Akademie-Background-988x1024.png 988w, https:\/\/akademie-der-weisheit.de\/wp-content\/uploads\/2021\/01\/Akademie-Background-289x300.png 289w, https:\/\/akademie-der-weisheit.de\/wp-content\/uploads\/2021\/01\/Akademie-Background-768x796.png 768w, https:\/\/akademie-der-weisheit.de\/wp-content\/uploads\/2021\/01\/Akademie-Background.png 1035w\" sizes=\"(max-width: 800px) 100vw, 800px\" \/>\t\t\t\t\t\t\t\t\t\t\t\t\t\t\t<\/div>\n\t\t\t\t<\/div>\n\t\t\t\t<div class=\"elementor-element elementor-element-4c4c1bd8 de_scroll_animation_no elementor-widget elementor-widget-heading\" data-id=\"4c4c1bd8\" data-element_type=\"widget\" data-e-type=\"widget\" data-settings=\"{&quot;_animation&quot;:&quot;none&quot;,&quot;_animation_delay&quot;:400,&quot;_animation_mobile&quot;:&quot;none&quot;}\" data-widget_type=\"heading.default\">\n\t\t\t\t<div class=\"elementor-widget-container\">\n\t\t\t\t\t<div class=\"elementor-heading-title elementor-size-default\">\nMAGAZINE<\/div>\t\t\t\t<\/div>\n\t\t\t\t<\/div>\n\t\t\t\t<div class=\"elementor-element elementor-element-404916c7 de_scroll_animation_no elementor-widget elementor-widget-heading\" data-id=\"404916c7\" data-element_type=\"widget\" data-e-type=\"widget\" data-widget_type=\"heading.default\">\n\t\t\t\t<div class=\"elementor-widget-container\">\n\t\t\t\t\t<h2 class=\"elementor-heading-title elementor-size-default\">Thank you for your order!<\/h2>\t\t\t\t<\/div>\n\t\t\t\t<\/div>\n\t\t\t\t<div class=\"elementor-element elementor-element-66b8192f de_scroll_animation_no elementor-widget elementor-widget-text-editor\" data-id=\"66b8192f\" data-element_type=\"widget\" data-e-type=\"widget\" data-widget_type=\"text-editor.default\">\n\t\t\t\t<div class=\"elementor-widget-container\">\n\t\t\t\t\t\t\t\t\t<div><p><span style=\"color: #000000;\">You have purchased the following product:<\/span><\/p><p><span style=\"color: #000000;\"><strong><span style=\"text-decoration: underline;\">FLOW OF WISDOM - The magazine for holistic health.<\/span><br \/><\/strong><\/span><br \/><span style=\"color: #000000;\">This issue is available for download.<\/span><\/p><\/div><div><div><span style=\"color: #000000;\">Take a little time out and enjoy reading this eMagazine at your personal feel-good time.<\/span><\/div><div>\u00a0<\/div><div><span style=\"color: #000000;\">I thank you for the trust you have placed in me and wish you much joy and inspiration. <\/span><br \/><br \/><span style=\"color: #000000;\">I am happy to receive feedback &amp; topic requests by e-mail: info@akademie-der-weisheit.de\u00a0\u00a0<\/span><\/div><div>\u00a0<\/div><\/div><div><span style=\"color: #000000;\">Please note: Digistore24 will make the direct debit.<\/span><\/div><div><div>\u00a0<\/div><div>\u00a0<\/div><div><span style=\"color: #000000;\">FlowofWisdom Greetings<\/span><\/div><div><p><span style=\"color: #000000;\">Kati Vo\u00df<\/span><\/p><\/div><\/div>\t\t\t\t\t\t\t\t<\/div>\n\t\t\t\t<\/div>\n\t\t\t\t<div class=\"elementor-element elementor-element-d633100 de_scroll_animation_no elementor-widget elementor-widget-spacer\" data-id=\"d633100\" data-element_type=\"widget\" data-e-type=\"widget\" data-widget_type=\"spacer.default\">\n\t\t\t\t<div class=\"elementor-widget-container\">\n\t\t\t\t\t\t\t<div class=\"elementor-spacer\">\n\t\t\t<div class=\"elementor-spacer-inner\"><\/div>\n\t\t<\/div>\n\t\t\t\t\t\t<\/div>\n\t\t\t\t<\/div>\n\t\t\t\t\t<\/div>\n\t\t<\/div>\n\t\t\t\t<div class=\"elementor-column elementor-col-50 elementor-top-column elementor-element elementor-element-17ac0e50\" data-id=\"17ac0e50\" data-element_type=\"column\" data-e-type=\"column\">\n\t\t\t<div class=\"elementor-widget-wrap elementor-element-populated\">\n\t\t\t\t\t\t<div class=\"elementor-element elementor-element-5be45a07 elementor-hidden-mobile de_scroll_animation_no elementor-widget elementor-widget-spacer\" data-id=\"5be45a07\" data-element_type=\"widget\" data-e-type=\"widget\" data-widget_type=\"spacer.default\">\n\t\t\t\t<div class=\"elementor-widget-container\">\n\t\t\t\t\t\t\t<div class=\"elementor-spacer\">\n\t\t\t<div class=\"elementor-spacer-inner\"><\/div>\n\t\t<\/div>\n\t\t\t\t\t\t<\/div>\n\t\t\t\t<\/div>\n\t\t\t\t<div class=\"elementor-element elementor-element-22803c8 de_scroll_animation_no elementor-widget elementor-widget-image\" data-id=\"22803c8\" data-element_type=\"widget\" data-e-type=\"widget\" data-widget_type=\"image.default\">\n\t\t\t\t<div class=\"elementor-widget-container\">\n\t\t\t\t\t\t\t\t\t\t\t\t\t\t\t<img decoding=\"async\" width=\"683\" height=\"1024\" src=\"https:\/\/akademie-der-weisheit.de\/wp-content\/uploads\/2022\/02\/Magazin-I-Cover-im-Bett-683x1024.jpg\" class=\"attachment-large size-large wp-image-8573\" alt=\"\" srcset=\"https:\/\/akademie-der-weisheit.de\/wp-content\/uploads\/2022\/02\/Magazin-I-Cover-im-Bett-683x1024.jpg 683w, https:\/\/akademie-der-weisheit.de\/wp-content\/uploads\/2022\/02\/Magazin-I-Cover-im-Bett-200x300.jpg 200w, https:\/\/akademie-der-weisheit.de\/wp-content\/uploads\/2022\/02\/Magazin-I-Cover-im-Bett-768x1151.jpg 768w, https:\/\/akademie-der-weisheit.de\/wp-content\/uploads\/2022\/02\/Magazin-I-Cover-im-Bett-1025x1536.jpg 1025w, https:\/\/akademie-der-weisheit.de\/wp-content\/uploads\/2022\/02\/Magazin-I-Cover-im-Bett-1367x2048.jpg 1367w, https:\/\/akademie-der-weisheit.de\/wp-content\/uploads\/2022\/02\/Magazin-I-Cover-im-Bett-scaled.jpg 1708w\" sizes=\"(max-width: 683px) 100vw, 683px\" \/>\t\t\t\t\t\t\t\t\t\t\t\t\t\t\t<\/div>\n\t\t\t\t<\/div>\n\t\t\t\t<div class=\"elementor-element elementor-element-45e3e76 elementor-hidden-mobile de_scroll_animation_no elementor-widget elementor-widget-spacer\" data-id=\"45e3e76\" data-element_type=\"widget\" data-e-type=\"widget\" data-widget_type=\"spacer.default\">\n\t\t\t\t<div class=\"elementor-widget-container\">\n\t\t\t\t\t\t\t<div class=\"elementor-spacer\">\n\t\t\t<div class=\"elementor-spacer-inner\"><\/div>\n\t\t<\/div>\n\t\t\t\t\t\t<\/div>\n\t\t\t\t<\/div>\n\t\t\t\t\t<\/div>\n\t\t<\/div>\n\t\t\t\t\t<\/div>\n\t\t<\/section>\n\t\t\t\t<\/div>","protected":false},"excerpt":{"rendered":"<p>MAGAZIN Vielen Dank f\u00fcr Ihre Bestellung! Du hast folgendes Produkt erworben: FLOW OF WISDOM &#8211; Das Magazin f\u00fcr ganzheitliche Gesundheit.Diese Ausgabe steht zum download bereit. Nimm Dir ein wenig Ruhe und lies dieses eMagazin gern zu Deiner pers\u00f6nlichen Wohlf\u00fchlzeit.\u00a0Ich danke f\u00fcr das entgegengebrachte Vertrauen, w\u00fcnsche viel Freude &amp; Inspirationen. Feedback &amp; Themenw\u00fcnsche nehme ich gern [&hellip;]<\/p>\n","protected":false},"author":1,"featured_media":0,"parent":0,"menu_order":0,"comment_status":"closed","ping_status":"closed","template":"elementor_header_footer","meta":{"footnotes":""},"class_list":["post-8695","page","type-page","status-publish","hentry"],"_links":{"self":[{"href":"https:\/\/akademie-der-weisheit.de\/en\/wp-json\/wp\/v2\/pages\/8695","targetHints":{"allow":["GET"]}}],"collection":[{"href":"https:\/\/akademie-der-weisheit.de\/en\/wp-json\/wp\/v2\/pages"}],"about":[{"href":"https:\/\/akademie-der-weisheit.de\/en\/wp-json\/wp\/v2\/types\/page"}],"author":[{"embeddable":true,"href":"https:\/\/akademie-der-weisheit.de\/en\/wp-json\/wp\/v2\/users\/1"}],"replies":[{"embeddable":true,"href":"https:\/\/akademie-der-weisheit.de\/en\/wp-json\/wp\/v2\/comments?post=8695"}],"version-history":[{"count":0,"href":"https:\/\/akademie-der-weisheit.de\/en\/wp-json\/wp\/v2\/pages\/8695\/revisions"}],"wp:attachment":[{"href":"https:\/\/akademie-der-weisheit.de\/en\/wp-json\/wp\/v2\/media?parent=8695"}],"curies":[{"name":"wp","href":"https:\/\/api.w.org\/{rel}","templated":true}]}}